{"id":8205,"date":"2020-04-07T06:56:39","date_gmt":"2020-04-07T05:56:39","guid":{"rendered":"https:\/\/cmcfestival.com.hr\/v2\/?page_id=8205"},"modified":"2020-04-07T07:12:12","modified_gmt":"2020-04-07T06:12:12","slug":"cmc-festival-vodice-2008-prvo-izdanje","status":"publish","type":"page","link":"https:\/\/cmcfestival.com.hr\/?page_id=8205","title":{"rendered":"CMC FESTIVAL VODICE 2008. (prvo izdanje)"},"content":{"rendered":"<h4><img loading=\"lazy\" decoding=\"async\" class=\"size-medium wp-image-8206 alignleft\" src=\"https:\/\/cmcfestival.com.hr\/v2\/wp-content\/uploads\/2020\/04\/cmc2008_small-214x300.jpg\" alt=\"\" width=\"214\" height=\"300\" srcset=\"https:\/\/cmcfestival.com.hr\/wp-content\/uploads\/2020\/04\/cmc2008_small-214x300.jpg 214w, https:\/\/cmcfestival.com.hr\/wp-content\/uploads\/2020\/04\/cmc2008_small.jpg 300w\" sizes=\"auto, (max-width: 214px) 100vw, 214px\" \/>CMC FESTIVAL VODICE 2008. (prvo izdanje)<\/h4>\n<p>Prvi CMC FESTIVAL, u organizaciji Hrvatske diskografske udruge, agencije <strong>Cro Music Media i CMC Televizije<\/strong>, odr\u017ean je 16.05.2008. unutar povijesnih zidina <strong>pulske Arene<\/strong>.<\/p>\n<p>CMC Festival osmi\u0161ljen je kao revijalna prezentacija diskografskih ku\u0107a na prostoru Republike Hrvatske te prve i jedine glazbene televizije koja omogu\u0107uje hrvatskim izvo\u0111a\u010dima prostor za promociju vlastitih albuma, singlova i video spotova. Stoga su se u organizaciju Festivala uklju\u010dile i gotovo sve doma\u0107e diskografske ku\u0107e:\u00a0<strong>Croatia Records, Menart, Aquarius Records, Dallas Records, Dancing Bear, Tonika.<\/strong><\/p>\n<p>Zahvaljuju\u0107i odli\u010dnoj suradnji organizatora i suorganizatora uprili\u010dili smo Festival koji se odmah na po\u010detku etablirao kao jedan od va\u017enijih glazbenih doga\u0111aja godine, \u0161to dokazuje i nevjerojatan odaziv najbolje garniture na\u0161ih priznatih glazbenika:\u00a0<strong>Prljavo Kazali\u0161te, Josipa Lisac, Boris Novkovi\u0107, Colonia, Shorty, Sa\u0161a Lozar, Crvena Jabuka, Goran Karan, Magazin, Jelena Rozga, Arsen Dedi\u0107 i Petar Gra\u0161o, Massimo, Tina Vukov, \u017danamari Lali\u0107, Damir Ked\u017eo, Max, Brk i Lea Mijatovi\u0107, \u0110ani Stipani\u010dev, Marko Tolja, Dino, Giuliano, Ivana Radovnikovi\u0107.<\/strong><\/p>\n<p>Kao prvi Festival revijalnog tipa, bio je izuzetno pozitivno prepoznat i od strane medija, pa smo tako me\u0111u medijskim pokroviteljima imali \u010dasopis Gloriu i Hrvatsku Radio Televiziju kao glavne pokrovitelje te 115 radio postaja iz Hrvatske, BiH, Srbije, Slovenije i Makedonije, 10 lokalnih televizija, 3 internet portala, \u010dasopis The Best Shop.<\/p>\n<p>U pulskoj Areni, na prvom CMC Festivalu, posjetitelji su u cjelove\u010dernjem programu, osim u \u0161irokoj paleti kvalitetnih izo\u0111a\u010da, mogli u\u017eivati i u ma\u0161tovito dizajniranoj pozornici za koju je bio zadu\u017een Ivica Propadalo, live izvedbama savr\u0161eno uigranog benda Elvisa Stani\u0107a, te u prekrasnim voditeljskim snagama CMC Televizije <strong>Barbari Radulovi\u0107, Anji Alavanji i Sanji \u010celikovi\u0107<\/strong>, uz podr\u0161ku iskusnog Roberta Ferlina.<\/p>\n<p><strong>POPIS PJESAMA I IZVO\u0110A\u010cA NA REVIJALNOM DIJELU FESTIVALA:<\/strong><\/p>\n<p>01. <a href=\"http:\/\/www.youtube.com\/watch?v=K7UpMCUzyMw\">Prljavo kazali\u0161te &#8211; Tajno ime<\/a><br \/>\n02. <a href=\"http:\/\/www.youtube.com\/watch?v=HTAFLwbqeNI\">Boris Novkovi\u0107 &#8211; Otkada je oti\u0161la<\/a><br \/>\n03. <a href=\"http:\/\/www.youtube.com\/watch?v=lbU9tJLsFGg\">Ivana Radovnikovi\u0107 &#8211; Caf\u00e9<\/a><br \/>\n04. <a href=\"https:\/\/www.youtube.com\/watch?v=WuGQPHhAMQ8\">Colonia &#8211; Mirno more <\/a><br \/>\n05. <a href=\"http:\/\/www.youtube.com\/watch?v=0CIIWJi3UHY\">Shorty &#8211; Miris juga<\/a><br \/>\n06. <a href=\"http:\/\/www.youtube.com\/watch?v=QUxsADOZnhM\">Sa\u0161a Lozar &#8211; Sve moje tajne<\/a><br \/>\n07. <a href=\"https:\/\/www.youtube.com\/watch?v=VNkeD952AbM\">Crvena jabuka &#8211; Glupo je&#8230; <\/a><br \/>\n08. <a href=\"http:\/\/www.youtube.com\/watch?v=VzcdD7Eg9vA\">Goran Karan &#8211; Di si rasla<\/a><br \/>\n09. <a href=\"https:\/\/www.youtube.com\/watch?v=43ZRQO0wABs\">Magazin &#8211; Migrena<\/a><br \/>\n10. <a href=\"http:\/\/www.youtube.com\/watch?v=LdCfp4UrJY8\">Jelena Rozga &#8211; Djevica<\/a><br \/>\n11. <a href=\"https:\/\/www.youtube.com\/watch?v=-yE6_AWOb3s\">Arsen Dedi\u0107 i Petar Gra\u0161o &#8211; Ima, a ne zna<\/a><br \/>\n12. <a href=\"http:\/\/www.youtube.com\/watch?v=9M0wv1O1iug\">Massimo &#8211; Ljubav!<\/a><br \/>\n13. <a href=\"http:\/\/www.youtube.com\/watch?v=y43jNYmnfxA\">Tina Vukov &#8211; Ki\u0161a<\/a><br \/>\n14. <a href=\"http:\/\/www.youtube.com\/watch?v=lVcjkbZFFRs\">\u017danamari Lali\u0107 &#8211; Da mi da\u0161 jo\u0161 samo jednu no\u0107<\/a><br \/>\n15. <a href=\"http:\/\/www.youtube.com\/watch?v=HcwMa8z7vQY\">Damir Ked\u017eo &#8211; Ka\u017enjen u du\u0161i<\/a><br \/>\n16. <a href=\"http:\/\/www.youtube.com\/watch?v=kVKmzGRNxg0\">Max &amp; Rade \u0160erbed\u017eija &#8211; Mi smo \u0161ampioni ljubavi<\/a><br \/>\n17. <a href=\"https:\/\/www.youtube.com\/watch?v=6ZU7haeXTGU\">Brk &amp; Lea Mijatovi\u0107 &#8211; Zaboravlja\u0161<\/a><br \/>\n18. <a href=\"https:\/\/www.youtube.com\/watch?v=236p3QJMHb0\">\u0110ani Stipani\u010dev &#8211; Na\u0161a ljubav<\/a><br \/>\n19. Marko Tolja &#8211; Jedina istina<br \/>\n20. <a href=\"http:\/\/www.youtube.com\/watch?v=16D9kfp2epc\">Dino &#8211; Malena<\/a><br \/>\n21. <a href=\"https:\/\/www.youtube.com\/watch?v=4mkgJIJgONA\">Giuliano &#8211; Drugovi moji svi<\/a><br \/>\n22. <a href=\"http:\/\/www.youtube.com\/watch?v=QciCA0RwXH4\">Josipa Lisac &#8211; Svijet oko nas<\/a><\/p>\n","protected":false},"excerpt":{"rendered":"<p>CMC FESTIVAL VODICE 2008. (prvo izdanje) Prvi CMC FESTIVAL, u organizaciji Hrvatske diskografske udruge, agencije Cro Music Media i CMC Televizije, odr\u017ean je 16.05.2008. unutar povijesnih zidina pulske Arene. CMC Festival osmi\u0161ljen je kao revijalna prezentacija diskografskih ku\u0107a na prostoru Republike Hrvatske te prve i&#8230;<\/p>\n","protected":false},"author":1,"featured_media":0,"parent":0,"menu_order":0,"comment_status":"closed","ping_status":"closed","template":"","meta":{"footnotes":""},"class_list":["post-8205","page","type-page","status-publish","hentry"],"yoast_head":"<!-- This site is optimized with the Yoast SEO plugin v24.2 - https:\/\/yoast.com\/wordpress\/plugins\/seo\/ -->\n<title>CMC FESTIVAL VODICE 2008. (prvo izdanje) - CMC festival Vodice<\/title>\n<meta name=\"robots\" content=\"index, follow, max-snippet:-1, max-image-preview:large, max-video-preview:-1\" \/>\n<link rel=\"canonical\" href=\"https:\/\/cmcfestival.com.hr\/?page_id=8205\" \/>\n<meta property=\"og:locale\" content=\"hr_HR\" \/>\n<meta property=\"og:type\" content=\"article\" \/>\n<meta property=\"og:title\" content=\"CMC FESTIVAL VODICE 2008. (prvo izdanje) - CMC festival Vodice\" \/>\n<meta property=\"og:description\" content=\"CMC FESTIVAL VODICE 2008. (prvo izdanje) Prvi CMC FESTIVAL, u organizaciji Hrvatske diskografske udruge, agencije Cro Music Media i CMC Televizije, odr\u017ean je 16.05.2008. unutar povijesnih zidina pulske Arene. CMC Festival osmi\u0161ljen je kao revijalna prezentacija diskografskih ku\u0107a na prostoru Republike Hrvatske te prve i...\" \/>\n<meta property=\"og:url\" content=\"https:\/\/cmcfestival.com.hr\/?page_id=8205\" \/>\n<meta property=\"og:site_name\" content=\"CMC festival Vodice\" \/>\n<meta property=\"article:modified_time\" content=\"2020-04-07T06:12:12+00:00\" \/>\n<meta property=\"og:image\" content=\"https:\/\/cmcfestival.com.hr\/v2\/wp-content\/uploads\/2020\/04\/cmc2008_small-214x300.jpg\" \/>\n<meta name=\"twitter:card\" content=\"summary_large_image\" \/>\n<meta name=\"twitter:label1\" content=\"Procijenjeno vrijeme \u010ditanja\" \/>\n\t<meta name=\"twitter:data1\" content=\"2 minute\" \/>\n<script type=\"application\/ld+json\" class=\"yoast-schema-graph\">{\"@context\":\"https:\/\/schema.org\",\"@graph\":[{\"@type\":\"WebPage\",\"@id\":\"https:\/\/cmcfestival.com.hr\/?page_id=8205\",\"url\":\"https:\/\/cmcfestival.com.hr\/?page_id=8205\",\"name\":\"CMC FESTIVAL VODICE 2008. (prvo izdanje) - CMC festival Vodice\",\"isPartOf\":{\"@id\":\"https:\/\/cmcfestival.com.hr\/#website\"},\"primaryImageOfPage\":{\"@id\":\"https:\/\/cmcfestival.com.hr\/?page_id=8205#primaryimage\"},\"image\":{\"@id\":\"https:\/\/cmcfestival.com.hr\/?page_id=8205#primaryimage\"},\"thumbnailUrl\":\"https:\/\/cmcfestival.com.hr\/v2\/wp-content\/uploads\/2020\/04\/cmc2008_small-214x300.jpg\",\"datePublished\":\"2020-04-07T05:56:39+00:00\",\"dateModified\":\"2020-04-07T06:12:12+00:00\",\"breadcrumb\":{\"@id\":\"https:\/\/cmcfestival.com.hr\/?page_id=8205#breadcrumb\"},\"inLanguage\":\"hr\",\"potentialAction\":[{\"@type\":\"ReadAction\",\"target\":[\"https:\/\/cmcfestival.com.hr\/?page_id=8205\"]}]},{\"@type\":\"ImageObject\",\"inLanguage\":\"hr\",\"@id\":\"https:\/\/cmcfestival.com.hr\/?page_id=8205#primaryimage\",\"url\":\"https:\/\/cmcfestival.com.hr\/wp-content\/uploads\/2020\/04\/cmc2008_small.jpg\",\"contentUrl\":\"https:\/\/cmcfestival.com.hr\/wp-content\/uploads\/2020\/04\/cmc2008_small.jpg\",\"width\":300,\"height\":420},{\"@type\":\"BreadcrumbList\",\"@id\":\"https:\/\/cmcfestival.com.hr\/?page_id=8205#breadcrumb\",\"itemListElement\":[{\"@type\":\"ListItem\",\"position\":1,\"name\":\"Po\u010detna stranica\",\"item\":\"https:\/\/cmcfestival.com.hr\/\"},{\"@type\":\"ListItem\",\"position\":2,\"name\":\"CMC FESTIVAL VODICE 2008. (prvo izdanje)\"}]},{\"@type\":\"WebSite\",\"@id\":\"https:\/\/cmcfestival.com.hr\/#website\",\"url\":\"https:\/\/cmcfestival.com.hr\/\",\"name\":\"CMC festival Vodice\",\"description\":\"2026\",\"potentialAction\":[{\"@type\":\"SearchAction\",\"target\":{\"@type\":\"EntryPoint\",\"urlTemplate\":\"https:\/\/cmcfestival.com.hr\/?s={search_term_string}\"},\"query-input\":{\"@type\":\"PropertyValueSpecification\",\"valueRequired\":true,\"valueName\":\"search_term_string\"}}],\"inLanguage\":\"hr\"}]}<\/script>\n<!-- \/ Yoast SEO plugin. -->","yoast_head_json":{"title":"CMC FESTIVAL VODICE 2008. (prvo izdanje) - CMC festival Vodice","robots":{"index":"index","follow":"follow","max-snippet":"max-snippet:-1","max-image-preview":"max-image-preview:large","max-video-preview":"max-video-preview:-1"},"canonical":"https:\/\/cmcfestival.com.hr\/?page_id=8205","og_locale":"hr_HR","og_type":"article","og_title":"CMC FESTIVAL VODICE 2008. (prvo izdanje) - CMC festival Vodice","og_description":"CMC FESTIVAL VODICE 2008. (prvo izdanje) Prvi CMC FESTIVAL, u organizaciji Hrvatske diskografske udruge, agencije Cro Music Media i CMC Televizije, odr\u017ean je 16.05.2008. unutar povijesnih zidina pulske Arene. CMC Festival osmi\u0161ljen je kao revijalna prezentacija diskografskih ku\u0107a na prostoru Republike Hrvatske te prve i...","og_url":"https:\/\/cmcfestival.com.hr\/?page_id=8205","og_site_name":"CMC festival Vodice","article_modified_time":"2020-04-07T06:12:12+00:00","og_image":[{"url":"https:\/\/cmcfestival.com.hr\/v2\/wp-content\/uploads\/2020\/04\/cmc2008_small-214x300.jpg","type":"","width":"","height":""}],"twitter_card":"summary_large_image","twitter_misc":{"Procijenjeno vrijeme \u010ditanja":"2 minute"},"schema":{"@context":"https:\/\/schema.org","@graph":[{"@type":"WebPage","@id":"https:\/\/cmcfestival.com.hr\/?page_id=8205","url":"https:\/\/cmcfestival.com.hr\/?page_id=8205","name":"CMC FESTIVAL VODICE 2008. (prvo izdanje) - CMC festival Vodice","isPartOf":{"@id":"https:\/\/cmcfestival.com.hr\/#website"},"primaryImageOfPage":{"@id":"https:\/\/cmcfestival.com.hr\/?page_id=8205#primaryimage"},"image":{"@id":"https:\/\/cmcfestival.com.hr\/?page_id=8205#primaryimage"},"thumbnailUrl":"https:\/\/cmcfestival.com.hr\/v2\/wp-content\/uploads\/2020\/04\/cmc2008_small-214x300.jpg","datePublished":"2020-04-07T05:56:39+00:00","dateModified":"2020-04-07T06:12:12+00:00","breadcrumb":{"@id":"https:\/\/cmcfestival.com.hr\/?page_id=8205#breadcrumb"},"inLanguage":"hr","potentialAction":[{"@type":"ReadAction","target":["https:\/\/cmcfestival.com.hr\/?page_id=8205"]}]},{"@type":"ImageObject","inLanguage":"hr","@id":"https:\/\/cmcfestival.com.hr\/?page_id=8205#primaryimage","url":"https:\/\/cmcfestival.com.hr\/wp-content\/uploads\/2020\/04\/cmc2008_small.jpg","contentUrl":"https:\/\/cmcfestival.com.hr\/wp-content\/uploads\/2020\/04\/cmc2008_small.jpg","width":300,"height":420},{"@type":"BreadcrumbList","@id":"https:\/\/cmcfestival.com.hr\/?page_id=8205#breadcrumb","itemListElement":[{"@type":"ListItem","position":1,"name":"Po\u010detna stranica","item":"https:\/\/cmcfestival.com.hr\/"},{"@type":"ListItem","position":2,"name":"CMC FESTIVAL VODICE 2008. (prvo izdanje)"}]},{"@type":"WebSite","@id":"https:\/\/cmcfestival.com.hr\/#website","url":"https:\/\/cmcfestival.com.hr\/","name":"CMC festival Vodice","description":"2026","potentialAction":[{"@type":"SearchAction","target":{"@type":"EntryPoint","urlTemplate":"https:\/\/cmcfestival.com.hr\/?s={search_term_string}"},"query-input":{"@type":"PropertyValueSpecification","valueRequired":true,"valueName":"search_term_string"}}],"inLanguage":"hr"}]}},"jetpack_sharing_enabled":true,"_links":{"self":[{"href":"https:\/\/cmcfestival.com.hr\/index.php?rest_route=\/wp\/v2\/pages\/8205","targetHints":{"allow":["GET"]}}],"collection":[{"href":"https:\/\/cmcfestival.com.hr\/index.php?rest_route=\/wp\/v2\/pages"}],"about":[{"href":"https:\/\/cmcfestival.com.hr\/index.php?rest_route=\/wp\/v2\/types\/page"}],"author":[{"embeddable":true,"href":"https:\/\/cmcfestival.com.hr\/index.php?rest_route=\/wp\/v2\/users\/1"}],"replies":[{"embeddable":true,"href":"https:\/\/cmcfestival.com.hr\/index.php?rest_route=%2Fwp%2Fv2%2Fcomments&post=8205"}],"version-history":[{"count":4,"href":"https:\/\/cmcfestival.com.hr\/index.php?rest_route=\/wp\/v2\/pages\/8205\/revisions"}],"predecessor-version":[{"id":8220,"href":"https:\/\/cmcfestival.com.hr\/index.php?rest_route=\/wp\/v2\/pages\/8205\/revisions\/8220"}],"wp:attachment":[{"href":"https:\/\/cmcfestival.com.hr\/index.php?rest_route=%2Fwp%2Fv2%2Fmedia&parent=8205"}],"curies":[{"name":"wp","href":"https:\/\/api.w.org\/{rel}","templated":true}]}}