{"id":8210,"date":"2020-04-07T07:00:05","date_gmt":"2020-04-07T06:00:05","guid":{"rendered":"https:\/\/cmcfestival.com.hr\/v2\/?page_id=8210"},"modified":"2020-04-07T07:12:57","modified_gmt":"2020-04-07T06:12:57","slug":"cmc-festival-2010","status":"publish","type":"page","link":"https:\/\/cmcfestival.com.hr\/?page_id=8210","title":{"rendered":"CMC festival 2010."},"content":{"rendered":"<h4><img loading=\"lazy\" decoding=\"async\" class=\"size-medium wp-image-8211 alignleft\" src=\"https:\/\/cmcfestival.com.hr\/v2\/wp-content\/uploads\/2020\/04\/cmc2010_small-211x300.jpg\" alt=\"\" width=\"211\" height=\"300\" srcset=\"https:\/\/cmcfestival.com.hr\/wp-content\/uploads\/2020\/04\/cmc2010_small-211x300.jpg 211w, https:\/\/cmcfestival.com.hr\/wp-content\/uploads\/2020\/04\/cmc2010_small.jpg 300w\" sizes=\"auto, (max-width: 211px) 100vw, 211px\" \/><strong>CMC FESTIVAL VODICE 2010. (drugo izdanje)<\/strong><\/h4>\n<p>01. <a href=\"https:\/\/www.youtube.com\/watch?v=zKcvP_Q8OPY\">Antonija \u0160ola &#8211; Prevelika kazna <\/a><br \/>\n02. <a href=\"http:\/\/www.youtube.com\/watch?v=aZG3ujhEO9c\">Bojan Jambro\u0161i\u0107 &#8211; Sasvim sam<\/a><br \/>\n03. <a href=\"http:\/\/www.youtube.com\/watch?v=tMrn6AwBC0g\">Colonia &#8211; Stranac<\/a><br \/>\n04. <a href=\"http:\/\/www.youtube.com\/watch?v=v0JNOLQKFyw\">Crvena jabuka &#8211; Lagano umirem<\/a><br \/>\n05. <a href=\"https:\/\/www.youtube.com\/watch?v=xsaiUKVqZeA\">Dalmatino &#8211; Grana o smokve<\/a><br \/>\n06. <a href=\"http:\/\/www.youtube.com\/watch?v=hYneW55yLRM\">\u0110ani Stipani\u010dev &#8211; Ti si moje sve<\/a><br \/>\n07. <a href=\"http:\/\/www.youtube.com\/watch?v=V5qo0sc0wf4\">Dra\u017een Ze\u010di\u0107 &#8211; Od duga do duga<\/a><br \/>\n08. <a href=\"http:\/\/www.youtube.com\/watch?v=T4V6pyGoZko\">Feminnem &#8211; Ba\u0161 mi je dobro<\/a><br \/>\n09. <a href=\"https:\/\/www.youtube.com\/watch?v=85tXFdOFy9U\">Hari Ron\u010devi\u0107 &#8211; Vonj od mora <\/a><br \/>\n10. <a href=\"http:\/\/www.youtube.com\/watch?v=QNRiztWf2gg\">Karma &#8211; Party do zore<\/a><br \/>\n11. <a href=\"http:\/\/www.youtube.com\/watch?v=Ai-iiXtjTPY\">Luka Ni\u017eeti\u0107 &#8211; Otkad ljubim te<\/a><br \/>\n12. <a href=\"http:\/\/www.youtube.com\/watch?v=h-KiSjzW4xQ\">Marko Tolja &#8211; Sad nam je mrak<\/a><br \/>\n13. <a href=\"https:\/\/www.youtube.com\/watch?v=hAnJmYuYeHA\">Klapa Maslina &#8211; Sada mi je \u017ea<\/a><br \/>\n14. <a href=\"http:\/\/www.youtube.com\/watch?v=Oxv35edLl5I\">Robert \u010colina &#8211; Sve \u0161to \u017eelim jesi ti<\/a><br \/>\n15. <a href=\"http:\/\/www.youtube.com\/watch?v=ayGhOeNAn18\">Tedi Spalato &#8211; Kako da se pomirim<\/a><br \/>\n16. <a href=\"http:\/\/www.youtube.com\/watch?v=VHeyyzA266s\">\u017danamari &#8211; Ljubav<\/a><br \/>\n17. <a href=\"http:\/\/www.youtube.com\/watch?v=oe9Lb8Bfgt0\">Igor Cukrov &#8211; Prolij vino po meni<\/a><br \/>\n18. <a href=\"http:\/\/www.youtube.com\/watch?v=i9tZSikhEEA\">Klapa Godimenti &#8211; Ni koji misec, ni koji dan<\/a><br \/>\n19. <a href=\"https:\/\/www.youtube.com\/watch?v=DJVNVuPJ6i0\">Mladen Grdovi\u0107 &#8211; Bolje biti pijanica nego bogat varalica<\/a><br \/>\n20. <a href=\"https:\/\/www.youtube.com\/watch?v=s1dpIoVj8HQ\">Vlatka Pokos &#8211; Kako god bilo<\/a><\/p>\n","protected":false},"excerpt":{"rendered":"<p>CMC FESTIVAL VODICE 2010. (drugo izdanje) 01. Antonija \u0160ola &#8211; Prevelika kazna 02. Bojan Jambro\u0161i\u0107 &#8211; Sasvim sam 03. Colonia &#8211; Stranac 04. Crvena jabuka &#8211; Lagano umirem 05. Dalmatino &#8211; Grana o smokve 06. \u0110ani Stipani\u010dev &#8211; Ti si moje sve 07. Dra\u017een Ze\u010di\u0107&#8230;<\/p>\n","protected":false},"author":1,"featured_media":0,"parent":0,"menu_order":0,"comment_status":"closed","ping_status":"closed","template":"","meta":{"footnotes":""},"class_list":["post-8210","page","type-page","status-publish","hentry"],"yoast_head":"<!-- This site is optimized with the Yoast SEO plugin v24.2 - https:\/\/yoast.com\/wordpress\/plugins\/seo\/ -->\n<title>CMC festival 2010. - CMC festival Vodice<\/title>\n<meta name=\"robots\" content=\"index, follow, max-snippet:-1, max-image-preview:large, max-video-preview:-1\" \/>\n<link rel=\"canonical\" href=\"https:\/\/cmcfestival.com.hr\/?page_id=8210\" \/>\n<meta property=\"og:locale\" content=\"hr_HR\" \/>\n<meta property=\"og:type\" content=\"article\" \/>\n<meta property=\"og:title\" content=\"CMC festival 2010. - CMC festival Vodice\" \/>\n<meta property=\"og:description\" content=\"CMC FESTIVAL VODICE 2010. (drugo izdanje) 01. Antonija \u0160ola &#8211; Prevelika kazna 02. Bojan Jambro\u0161i\u0107 &#8211; Sasvim sam 03. Colonia &#8211; Stranac 04. Crvena jabuka &#8211; Lagano umirem 05. Dalmatino &#8211; Grana o smokve 06. \u0110ani Stipani\u010dev &#8211; Ti si moje sve 07. Dra\u017een Ze\u010di\u0107...\" \/>\n<meta property=\"og:url\" content=\"https:\/\/cmcfestival.com.hr\/?page_id=8210\" \/>\n<meta property=\"og:site_name\" content=\"CMC festival Vodice\" \/>\n<meta property=\"article:modified_time\" content=\"2020-04-07T06:12:57+00:00\" \/>\n<meta property=\"og:image\" content=\"https:\/\/cmcfestival.com.hr\/v2\/wp-content\/uploads\/2020\/04\/cmc2010_small-211x300.jpg\" \/>\n<meta name=\"twitter:card\" content=\"summary_large_image\" \/>\n<meta name=\"twitter:label1\" content=\"Procijenjeno vrijeme \u010ditanja\" \/>\n\t<meta name=\"twitter:data1\" content=\"1 minuta\" \/>\n<script type=\"application\/ld+json\" class=\"yoast-schema-graph\">{\"@context\":\"https:\/\/schema.org\",\"@graph\":[{\"@type\":\"WebPage\",\"@id\":\"https:\/\/cmcfestival.com.hr\/?page_id=8210\",\"url\":\"https:\/\/cmcfestival.com.hr\/?page_id=8210\",\"name\":\"CMC festival 2010. - CMC festival Vodice\",\"isPartOf\":{\"@id\":\"https:\/\/cmcfestival.com.hr\/#website\"},\"primaryImageOfPage\":{\"@id\":\"https:\/\/cmcfestival.com.hr\/?page_id=8210#primaryimage\"},\"image\":{\"@id\":\"https:\/\/cmcfestival.com.hr\/?page_id=8210#primaryimage\"},\"thumbnailUrl\":\"https:\/\/cmcfestival.com.hr\/v2\/wp-content\/uploads\/2020\/04\/cmc2010_small-211x300.jpg\",\"datePublished\":\"2020-04-07T06:00:05+00:00\",\"dateModified\":\"2020-04-07T06:12:57+00:00\",\"breadcrumb\":{\"@id\":\"https:\/\/cmcfestival.com.hr\/?page_id=8210#breadcrumb\"},\"inLanguage\":\"hr\",\"potentialAction\":[{\"@type\":\"ReadAction\",\"target\":[\"https:\/\/cmcfestival.com.hr\/?page_id=8210\"]}]},{\"@type\":\"ImageObject\",\"inLanguage\":\"hr\",\"@id\":\"https:\/\/cmcfestival.com.hr\/?page_id=8210#primaryimage\",\"url\":\"https:\/\/cmcfestival.com.hr\/wp-content\/uploads\/2020\/04\/cmc2010_small.jpg\",\"contentUrl\":\"https:\/\/cmcfestival.com.hr\/wp-content\/uploads\/2020\/04\/cmc2010_small.jpg\",\"width\":300,\"height\":426},{\"@type\":\"BreadcrumbList\",\"@id\":\"https:\/\/cmcfestival.com.hr\/?page_id=8210#breadcrumb\",\"itemListElement\":[{\"@type\":\"ListItem\",\"position\":1,\"name\":\"Po\u010detna stranica\",\"item\":\"https:\/\/cmcfestival.com.hr\/\"},{\"@type\":\"ListItem\",\"position\":2,\"name\":\"CMC festival 2010.\"}]},{\"@type\":\"WebSite\",\"@id\":\"https:\/\/cmcfestival.com.hr\/#website\",\"url\":\"https:\/\/cmcfestival.com.hr\/\",\"name\":\"CMC festival Vodice\",\"description\":\"2026\",\"potentialAction\":[{\"@type\":\"SearchAction\",\"target\":{\"@type\":\"EntryPoint\",\"urlTemplate\":\"https:\/\/cmcfestival.com.hr\/?s={search_term_string}\"},\"query-input\":{\"@type\":\"PropertyValueSpecification\",\"valueRequired\":true,\"valueName\":\"search_term_string\"}}],\"inLanguage\":\"hr\"}]}<\/script>\n<!-- \/ Yoast SEO plugin. -->","yoast_head_json":{"title":"CMC festival 2010. - CMC festival Vodice","robots":{"index":"index","follow":"follow","max-snippet":"max-snippet:-1","max-image-preview":"max-image-preview:large","max-video-preview":"max-video-preview:-1"},"canonical":"https:\/\/cmcfestival.com.hr\/?page_id=8210","og_locale":"hr_HR","og_type":"article","og_title":"CMC festival 2010. - CMC festival Vodice","og_description":"CMC FESTIVAL VODICE 2010. (drugo izdanje) 01. Antonija \u0160ola &#8211; Prevelika kazna 02. Bojan Jambro\u0161i\u0107 &#8211; Sasvim sam 03. Colonia &#8211; Stranac 04. Crvena jabuka &#8211; Lagano umirem 05. Dalmatino &#8211; Grana o smokve 06. \u0110ani Stipani\u010dev &#8211; Ti si moje sve 07. Dra\u017een Ze\u010di\u0107...","og_url":"https:\/\/cmcfestival.com.hr\/?page_id=8210","og_site_name":"CMC festival Vodice","article_modified_time":"2020-04-07T06:12:57+00:00","og_image":[{"url":"https:\/\/cmcfestival.com.hr\/v2\/wp-content\/uploads\/2020\/04\/cmc2010_small-211x300.jpg","type":"","width":"","height":""}],"twitter_card":"summary_large_image","twitter_misc":{"Procijenjeno vrijeme \u010ditanja":"1 minuta"},"schema":{"@context":"https:\/\/schema.org","@graph":[{"@type":"WebPage","@id":"https:\/\/cmcfestival.com.hr\/?page_id=8210","url":"https:\/\/cmcfestival.com.hr\/?page_id=8210","name":"CMC festival 2010. - CMC festival Vodice","isPartOf":{"@id":"https:\/\/cmcfestival.com.hr\/#website"},"primaryImageOfPage":{"@id":"https:\/\/cmcfestival.com.hr\/?page_id=8210#primaryimage"},"image":{"@id":"https:\/\/cmcfestival.com.hr\/?page_id=8210#primaryimage"},"thumbnailUrl":"https:\/\/cmcfestival.com.hr\/v2\/wp-content\/uploads\/2020\/04\/cmc2010_small-211x300.jpg","datePublished":"2020-04-07T06:00:05+00:00","dateModified":"2020-04-07T06:12:57+00:00","breadcrumb":{"@id":"https:\/\/cmcfestival.com.hr\/?page_id=8210#breadcrumb"},"inLanguage":"hr","potentialAction":[{"@type":"ReadAction","target":["https:\/\/cmcfestival.com.hr\/?page_id=8210"]}]},{"@type":"ImageObject","inLanguage":"hr","@id":"https:\/\/cmcfestival.com.hr\/?page_id=8210#primaryimage","url":"https:\/\/cmcfestival.com.hr\/wp-content\/uploads\/2020\/04\/cmc2010_small.jpg","contentUrl":"https:\/\/cmcfestival.com.hr\/wp-content\/uploads\/2020\/04\/cmc2010_small.jpg","width":300,"height":426},{"@type":"BreadcrumbList","@id":"https:\/\/cmcfestival.com.hr\/?page_id=8210#breadcrumb","itemListElement":[{"@type":"ListItem","position":1,"name":"Po\u010detna stranica","item":"https:\/\/cmcfestival.com.hr\/"},{"@type":"ListItem","position":2,"name":"CMC festival 2010."}]},{"@type":"WebSite","@id":"https:\/\/cmcfestival.com.hr\/#website","url":"https:\/\/cmcfestival.com.hr\/","name":"CMC festival Vodice","description":"2026","potentialAction":[{"@type":"SearchAction","target":{"@type":"EntryPoint","urlTemplate":"https:\/\/cmcfestival.com.hr\/?s={search_term_string}"},"query-input":{"@type":"PropertyValueSpecification","valueRequired":true,"valueName":"search_term_string"}}],"inLanguage":"hr"}]}},"jetpack_sharing_enabled":true,"_links":{"self":[{"href":"https:\/\/cmcfestival.com.hr\/index.php?rest_route=\/wp\/v2\/pages\/8210","targetHints":{"allow":["GET"]}}],"collection":[{"href":"https:\/\/cmcfestival.com.hr\/index.php?rest_route=\/wp\/v2\/pages"}],"about":[{"href":"https:\/\/cmcfestival.com.hr\/index.php?rest_route=\/wp\/v2\/types\/page"}],"author":[{"embeddable":true,"href":"https:\/\/cmcfestival.com.hr\/index.php?rest_route=\/wp\/v2\/users\/1"}],"replies":[{"embeddable":true,"href":"https:\/\/cmcfestival.com.hr\/index.php?rest_route=%2Fwp%2Fv2%2Fcomments&post=8210"}],"version-history":[{"count":2,"href":"https:\/\/cmcfestival.com.hr\/index.php?rest_route=\/wp\/v2\/pages\/8210\/revisions"}],"predecessor-version":[{"id":8221,"href":"https:\/\/cmcfestival.com.hr\/index.php?rest_route=\/wp\/v2\/pages\/8210\/revisions\/8221"}],"wp:attachment":[{"href":"https:\/\/cmcfestival.com.hr\/index.php?rest_route=%2Fwp%2Fv2%2Fmedia&parent=8210"}],"curies":[{"name":"wp","href":"https:\/\/api.w.org\/{rel}","templated":true}]}}