{"id":8214,"date":"2020-04-07T07:05:55","date_gmt":"2020-04-07T06:05:55","guid":{"rendered":"https:\/\/cmcfestival.com.hr\/v2\/?page_id=8214"},"modified":"2020-04-07T07:11:21","modified_gmt":"2020-04-07T06:11:21","slug":"cmc-festival-2011","status":"publish","type":"page","link":"https:\/\/cmcfestival.com.hr\/?page_id=8214","title":{"rendered":"CMC festival 2011."},"content":{"rendered":"<p><img loading=\"lazy\" decoding=\"async\" class=\"size-medium wp-image-8215 alignleft\" src=\"https:\/\/cmcfestival.com.hr\/v2\/wp-content\/uploads\/2020\/04\/cmc2011_small-213x300.jpg\" alt=\"\" width=\"213\" height=\"300\" srcset=\"https:\/\/cmcfestival.com.hr\/wp-content\/uploads\/2020\/04\/cmc2011_small-213x300.jpg 213w, https:\/\/cmcfestival.com.hr\/wp-content\/uploads\/2020\/04\/cmc2011_small.jpg 300w\" sizes=\"auto, (max-width: 213px) 100vw, 213px\" \/><\/p>\n<h4><strong>CMC FESTIVAL VODICE 2011. (tre\u0107e izdanje)<\/strong><\/h4>\n<p>U Vodicama je odr\u017ean tre\u0107i CMC festival koji je okupio najbolja imena hrvatske glazbene scene. Revijalni glazbeni doga\u0111aj zapo\u010deo je ve\u0107 u \u010detvrtak partyjem dobrodo\u0161lice, a nastavio se u petak press konferencijama CMC festivala i Croatie Records, te sportskim igrama u poslijepodnevnim satima, a nave\u010der koncertima <strong>Te\u0161ke industrije<\/strong> i njihove predgrupe <strong>One More<\/strong> na rock stageu, <strong>klapa Godimenti, Sol, Sveti Florijan i Kristine Ivekovi\u0107<\/strong> na zabavnom stageu. Headliner ve\u010deri bila je grupa <strong>Hladno pivo<\/strong> koja je do kasno u no\u0107 odli\u010dnom rock svirkom zabavljala publiku na main stageu.<\/p>\n<p>Subota je zapo\u010dela potpisivanjem CD-a grupe <strong>Feminnem, Jacquesa i Kim Verson<\/strong>, te press konferencijama Menarta i Dancing Beara i razgovorom s izvo\u0111a\u010dima koji je organizirao ZAMP. Glavni doga\u0111aj festivala, spektakularni koncert 21 izvo\u0111a\u010da kojima se pridru\u017eila na\u0161a predstavnica na Eurosongu, <strong>Daria<\/strong>, odr\u017ean je na grandioznoj pozornici na rivi pred vi\u0161e od deset tisu\u0107a posjetitelja. Nastupili su <strong>Dra\u017een Ze\u010di\u0107, Magazin, klapa Sv. Florijan, Neno Belan, Hari Ron\u010devi\u0107, Jacques Houdek, Boris Novkovi\u0107, \u017danamari, Kim Verson, Feminnem, Ivana Kova\u010d, klapa Kampanel, Luky, klapa Godimenti, Kraljevi ulice, klapa Sv. Juraj HRM, Prva liga, Minea, ENI, Karma i Colonia<\/strong>.<\/p>\n<p>Jedinu nagradu ve\u010deri, za <strong>najdra\u017eu pjesmu \u010ditatelja Glorije<\/strong> zaslu\u017eio je <strong>Jacques za pjesmu &#8220;Stotinama godina&#8221;<\/strong> dok su Croatia Records i Menart iskoristili priliku za vrijeme festivala da svojim izvo\u0111a\u010dima, <strong>Dra\u017eenu Ze\u010di\u0107u<\/strong> odnosno grupi <strong>Colonia<\/strong>, dodijele nagrade za zlatne naklade njihovih albuma.<\/p>\n<p>Po zavr\u0161etku festivalskog koncerta, <strong>Boris Novkovi\u0107 i No\u0107na stra\u017ea<\/strong> odr\u017eali su nastup povodom <strong>25 godina karijere<\/strong>. After party za sve sudionike festivala i medije potrajao je do ranih jutarnjih sati.<\/p>\n<p><strong>POPIS PJESAMA I IZVO\u0110A\u010cA NA REVIJALNOM DIJELU FESTIVALA:<\/strong><\/p>\n<p>01. <a href=\"http:\/\/www.youtube.com\/watch?v=BP7mlSKJ31k\">Boris Novkovi\u0107 &#8211; Ni na nebu, ni na zemlji<\/a><br \/>\n02. <a href=\"http:\/\/www.youtube.com\/watch?v=C_0dN3O_iy8\">Colonia &#8211; Nedodirljiva<\/a><br \/>\n03. <a href=\"http:\/\/www.youtube.com\/watch?v=5FZDeIS0rd0\">Eni &#8211; Put po mom<\/a><br \/>\n04. <a href=\"http:\/\/www.youtube.com\/watch?v=O-WqIpHUoZY\">Feminnem &#8211; Sve \u0161to ti nisam znala dati<\/a><br \/>\n05. <a href=\"https:\/\/www.youtube.com\/watch?v=WL4aACv6sW4\">Hari Ron\u010devi\u0107 &#8211; Kad me tu ne bude<\/a><br \/>\n06. <a href=\"http:\/\/www.youtube.com\/watch?v=zADvgUe_e94\">Jacques Houdek &#8211; Stotinama godina<\/a><br \/>\n07. <a href=\"http:\/\/www.youtube.com\/watch?v=F6ufWVY5-xQ\">Jole &#8211; Ja ti mogu biti tata<\/a><br \/>\n08. <a href=\"https:\/\/www.youtube.com\/watch?v=xyES4cB_7Oc\">Karma &#8211; Recept za krizu<\/a><br \/>\n09. <a href=\"http:\/\/www.youtube.com\/watch?v=Xoj_FOR8F3Y\">Kim Verson &#8211; Poziv tvoj<\/a><br \/>\n10. <a href=\"https:\/\/www.youtube.com\/watch?v=rt4aL8Vb4pg\">Klapa Godimenti &#8211; Di\u0161peran san ribar<\/a><br \/>\n11. <a href=\"http:\/\/www.youtube.com\/watch?v=kSncaVHoGSQ\">Klapa Kampanel &#8211; Lud i zanesen<\/a><br \/>\n12. <a href=\"http:\/\/www.youtube.com\/watch?v=sSs8_FxnzaE\">Klapa sv. Florijan &#8211; Sve si slaja<\/a><br \/>\n13. <a href=\"https:\/\/www.youtube.com\/watch?v=X6L0YF2-Uws\">Klapa sv. Juraj &#8211; Kraj tvoje du\u0161e moje<\/a><br \/>\n14. <a href=\"http:\/\/www.youtube.com\/watch?v=rwDOSVd08ck\">Kraljevi ulice &#8211; Uvalica<\/a><br \/>\n15. <a href=\"http:\/\/www.youtube.com\/watch?v=yL1Tq3srZ2Y\">Luky &#8211; Hvala: )<\/a><br \/>\n16. <a href=\"http:\/\/www.youtube.com\/watch?v=HxPl6bURZ9A\">Magazin &#8211; Jo\u0161 se ne bi udala<\/a><br \/>\n17. <a href=\"http:\/\/www.youtube.com\/watch?v=SD5CoCx0XxI\">Minea &#8211; Jedno<\/a><br \/>\n18. <a href=\"http:\/\/www.youtube.com\/watch?v=rtzSshYjIEg\">Neno Belan &#8211; Nedir nad morem plavim<\/a><br \/>\n19. <a href=\"https:\/\/www.youtube.com\/watch?v=j8lPmDmsMNQ\">\u017danamari &#8211; Oteti pa vra\u0107eni<\/a><br \/>\n20. <a href=\"http:\/\/www.youtube.com\/watch?v=HaIefWRwEHk\">Dra\u017een Ze\u010di\u0107 &#8211; Sokole<\/a><br \/>\n21. <a href=\"http:\/\/www.youtube.com\/watch?v=ZMVufgF4RRQ\">Ivana Kova\u010d &#8211; Nisi prvi, a ni zadnji<\/a><br \/>\n22. <a href=\"http:\/\/www.youtube.com\/watch?v=AeO_XRMgJfM\">Prva liga &#8211; Lijek za du\u0161u<\/a><br \/>\n23. <a href=\"http:\/\/www.youtube.com\/watch?v=xz_fXr13liM\">Bepo Mate\u0161i\u0107 i David Ricov &#8211; Kad si oti\u0161la ti<\/a><\/p>\n","protected":false},"excerpt":{"rendered":"<p>CMC FESTIVAL VODICE 2011. (tre\u0107e izdanje) U Vodicama je odr\u017ean tre\u0107i CMC festival koji je okupio najbolja imena hrvatske glazbene scene. Revijalni glazbeni doga\u0111aj zapo\u010deo je ve\u0107 u \u010detvrtak partyjem dobrodo\u0161lice, a nastavio se u petak press konferencijama CMC festivala i Croatie Records, te sportskim&#8230;<\/p>\n","protected":false},"author":1,"featured_media":0,"parent":0,"menu_order":0,"comment_status":"closed","ping_status":"closed","template":"","meta":{"footnotes":""},"class_list":["post-8214","page","type-page","status-publish","hentry"],"yoast_head":"<!-- This site is optimized with the Yoast SEO plugin v24.2 - https:\/\/yoast.com\/wordpress\/plugins\/seo\/ -->\n<title>CMC festival 2011. - CMC festival Vodice<\/title>\n<meta name=\"robots\" content=\"index, follow, max-snippet:-1, max-image-preview:large, max-video-preview:-1\" \/>\n<link rel=\"canonical\" href=\"https:\/\/cmcfestival.com.hr\/?page_id=8214\" \/>\n<meta property=\"og:locale\" content=\"hr_HR\" \/>\n<meta property=\"og:type\" content=\"article\" \/>\n<meta property=\"og:title\" content=\"CMC festival 2011. - CMC festival Vodice\" \/>\n<meta property=\"og:description\" content=\"CMC FESTIVAL VODICE 2011. (tre\u0107e izdanje) U Vodicama je odr\u017ean tre\u0107i CMC festival koji je okupio najbolja imena hrvatske glazbene scene. Revijalni glazbeni doga\u0111aj zapo\u010deo je ve\u0107 u \u010detvrtak partyjem dobrodo\u0161lice, a nastavio se u petak press konferencijama CMC festivala i Croatie Records, te sportskim...\" \/>\n<meta property=\"og:url\" content=\"https:\/\/cmcfestival.com.hr\/?page_id=8214\" \/>\n<meta property=\"og:site_name\" content=\"CMC festival Vodice\" \/>\n<meta property=\"article:modified_time\" content=\"2020-04-07T06:11:21+00:00\" \/>\n<meta property=\"og:image\" content=\"https:\/\/cmcfestival.com.hr\/v2\/wp-content\/uploads\/2020\/04\/cmc2011_small-213x300.jpg\" \/>\n<meta name=\"twitter:card\" content=\"summary_large_image\" \/>\n<meta name=\"twitter:label1\" content=\"Procijenjeno vrijeme \u010ditanja\" \/>\n\t<meta name=\"twitter:data1\" content=\"2 minute\" \/>\n<script type=\"application\/ld+json\" class=\"yoast-schema-graph\">{\"@context\":\"https:\/\/schema.org\",\"@graph\":[{\"@type\":\"WebPage\",\"@id\":\"https:\/\/cmcfestival.com.hr\/?page_id=8214\",\"url\":\"https:\/\/cmcfestival.com.hr\/?page_id=8214\",\"name\":\"CMC festival 2011. - CMC festival Vodice\",\"isPartOf\":{\"@id\":\"https:\/\/cmcfestival.com.hr\/#website\"},\"primaryImageOfPage\":{\"@id\":\"https:\/\/cmcfestival.com.hr\/?page_id=8214#primaryimage\"},\"image\":{\"@id\":\"https:\/\/cmcfestival.com.hr\/?page_id=8214#primaryimage\"},\"thumbnailUrl\":\"https:\/\/cmcfestival.com.hr\/v2\/wp-content\/uploads\/2020\/04\/cmc2011_small-213x300.jpg\",\"datePublished\":\"2020-04-07T06:05:55+00:00\",\"dateModified\":\"2020-04-07T06:11:21+00:00\",\"breadcrumb\":{\"@id\":\"https:\/\/cmcfestival.com.hr\/?page_id=8214#breadcrumb\"},\"inLanguage\":\"hr\",\"potentialAction\":[{\"@type\":\"ReadAction\",\"target\":[\"https:\/\/cmcfestival.com.hr\/?page_id=8214\"]}]},{\"@type\":\"ImageObject\",\"inLanguage\":\"hr\",\"@id\":\"https:\/\/cmcfestival.com.hr\/?page_id=8214#primaryimage\",\"url\":\"https:\/\/cmcfestival.com.hr\/wp-content\/uploads\/2020\/04\/cmc2011_small.jpg\",\"contentUrl\":\"https:\/\/cmcfestival.com.hr\/wp-content\/uploads\/2020\/04\/cmc2011_small.jpg\",\"width\":300,\"height\":423},{\"@type\":\"BreadcrumbList\",\"@id\":\"https:\/\/cmcfestival.com.hr\/?page_id=8214#breadcrumb\",\"itemListElement\":[{\"@type\":\"ListItem\",\"position\":1,\"name\":\"Po\u010detna stranica\",\"item\":\"https:\/\/cmcfestival.com.hr\/\"},{\"@type\":\"ListItem\",\"position\":2,\"name\":\"CMC festival 2011.\"}]},{\"@type\":\"WebSite\",\"@id\":\"https:\/\/cmcfestival.com.hr\/#website\",\"url\":\"https:\/\/cmcfestival.com.hr\/\",\"name\":\"CMC festival Vodice\",\"description\":\"2026\",\"potentialAction\":[{\"@type\":\"SearchAction\",\"target\":{\"@type\":\"EntryPoint\",\"urlTemplate\":\"https:\/\/cmcfestival.com.hr\/?s={search_term_string}\"},\"query-input\":{\"@type\":\"PropertyValueSpecification\",\"valueRequired\":true,\"valueName\":\"search_term_string\"}}],\"inLanguage\":\"hr\"}]}<\/script>\n<!-- \/ Yoast SEO plugin. -->","yoast_head_json":{"title":"CMC festival 2011. - CMC festival Vodice","robots":{"index":"index","follow":"follow","max-snippet":"max-snippet:-1","max-image-preview":"max-image-preview:large","max-video-preview":"max-video-preview:-1"},"canonical":"https:\/\/cmcfestival.com.hr\/?page_id=8214","og_locale":"hr_HR","og_type":"article","og_title":"CMC festival 2011. - CMC festival Vodice","og_description":"CMC FESTIVAL VODICE 2011. (tre\u0107e izdanje) U Vodicama je odr\u017ean tre\u0107i CMC festival koji je okupio najbolja imena hrvatske glazbene scene. Revijalni glazbeni doga\u0111aj zapo\u010deo je ve\u0107 u \u010detvrtak partyjem dobrodo\u0161lice, a nastavio se u petak press konferencijama CMC festivala i Croatie Records, te sportskim...","og_url":"https:\/\/cmcfestival.com.hr\/?page_id=8214","og_site_name":"CMC festival Vodice","article_modified_time":"2020-04-07T06:11:21+00:00","og_image":[{"url":"https:\/\/cmcfestival.com.hr\/v2\/wp-content\/uploads\/2020\/04\/cmc2011_small-213x300.jpg","type":"","width":"","height":""}],"twitter_card":"summary_large_image","twitter_misc":{"Procijenjeno vrijeme \u010ditanja":"2 minute"},"schema":{"@context":"https:\/\/schema.org","@graph":[{"@type":"WebPage","@id":"https:\/\/cmcfestival.com.hr\/?page_id=8214","url":"https:\/\/cmcfestival.com.hr\/?page_id=8214","name":"CMC festival 2011. - CMC festival Vodice","isPartOf":{"@id":"https:\/\/cmcfestival.com.hr\/#website"},"primaryImageOfPage":{"@id":"https:\/\/cmcfestival.com.hr\/?page_id=8214#primaryimage"},"image":{"@id":"https:\/\/cmcfestival.com.hr\/?page_id=8214#primaryimage"},"thumbnailUrl":"https:\/\/cmcfestival.com.hr\/v2\/wp-content\/uploads\/2020\/04\/cmc2011_small-213x300.jpg","datePublished":"2020-04-07T06:05:55+00:00","dateModified":"2020-04-07T06:11:21+00:00","breadcrumb":{"@id":"https:\/\/cmcfestival.com.hr\/?page_id=8214#breadcrumb"},"inLanguage":"hr","potentialAction":[{"@type":"ReadAction","target":["https:\/\/cmcfestival.com.hr\/?page_id=8214"]}]},{"@type":"ImageObject","inLanguage":"hr","@id":"https:\/\/cmcfestival.com.hr\/?page_id=8214#primaryimage","url":"https:\/\/cmcfestival.com.hr\/wp-content\/uploads\/2020\/04\/cmc2011_small.jpg","contentUrl":"https:\/\/cmcfestival.com.hr\/wp-content\/uploads\/2020\/04\/cmc2011_small.jpg","width":300,"height":423},{"@type":"BreadcrumbList","@id":"https:\/\/cmcfestival.com.hr\/?page_id=8214#breadcrumb","itemListElement":[{"@type":"ListItem","position":1,"name":"Po\u010detna stranica","item":"https:\/\/cmcfestival.com.hr\/"},{"@type":"ListItem","position":2,"name":"CMC festival 2011."}]},{"@type":"WebSite","@id":"https:\/\/cmcfestival.com.hr\/#website","url":"https:\/\/cmcfestival.com.hr\/","name":"CMC festival Vodice","description":"2026","potentialAction":[{"@type":"SearchAction","target":{"@type":"EntryPoint","urlTemplate":"https:\/\/cmcfestival.com.hr\/?s={search_term_string}"},"query-input":{"@type":"PropertyValueSpecification","valueRequired":true,"valueName":"search_term_string"}}],"inLanguage":"hr"}]}},"jetpack_sharing_enabled":true,"_links":{"self":[{"href":"https:\/\/cmcfestival.com.hr\/index.php?rest_route=\/wp\/v2\/pages\/8214","targetHints":{"allow":["GET"]}}],"collection":[{"href":"https:\/\/cmcfestival.com.hr\/index.php?rest_route=\/wp\/v2\/pages"}],"about":[{"href":"https:\/\/cmcfestival.com.hr\/index.php?rest_route=\/wp\/v2\/types\/page"}],"author":[{"embeddable":true,"href":"https:\/\/cmcfestival.com.hr\/index.php?rest_route=\/wp\/v2\/users\/1"}],"replies":[{"embeddable":true,"href":"https:\/\/cmcfestival.com.hr\/index.php?rest_route=%2Fwp%2Fv2%2Fcomments&post=8214"}],"version-history":[{"count":4,"href":"https:\/\/cmcfestival.com.hr\/index.php?rest_route=\/wp\/v2\/pages\/8214\/revisions"}],"predecessor-version":[{"id":8219,"href":"https:\/\/cmcfestival.com.hr\/index.php?rest_route=\/wp\/v2\/pages\/8214\/revisions\/8219"}],"wp:attachment":[{"href":"https:\/\/cmcfestival.com.hr\/index.php?rest_route=%2Fwp%2Fv2%2Fmedia&parent=8214"}],"curies":[{"name":"wp","href":"https:\/\/api.w.org\/{rel}","templated":true}]}}