{"id":8239,"date":"2020-04-07T07:48:04","date_gmt":"2020-04-07T06:48:04","guid":{"rendered":"https:\/\/cmcfestival.com.hr\/v2\/?page_id=8239"},"modified":"2020-04-07T07:48:04","modified_gmt":"2020-04-07T06:48:04","slug":"cmc-festival-2016","status":"publish","type":"page","link":"https:\/\/cmcfestival.com.hr\/?page_id=8239","title":{"rendered":"CMC festival 2016."},"content":{"rendered":"<p><img loading=\"lazy\" decoding=\"async\" class=\"size-medium wp-image-8240 alignleft\" src=\"https:\/\/cmcfestival.com.hr\/v2\/wp-content\/uploads\/2020\/04\/cmc2016_small-211x300.jpg\" alt=\"\" width=\"211\" height=\"300\" srcset=\"https:\/\/cmcfestival.com.hr\/wp-content\/uploads\/2020\/04\/cmc2016_small-211x300.jpg 211w, https:\/\/cmcfestival.com.hr\/wp-content\/uploads\/2020\/04\/cmc2016_small.jpg 300w\" sizes=\"auto, (max-width: 211px) 100vw, 211px\" \/><\/p>\n<h4><strong>CMC FESTIVAL VODICE 2016. (osmo izdanje)<\/strong><\/h4>\n<p>Najbolji festival u regiji, <strong>CMC festival 2016 <\/strong>i ove je godine, unato\u010d lo\u0161im vremenskim prognozama i neveri koja je prijetila, napunio vodi\u010dku rivu. Na osmom festivalu, svoje je najnovije hitove predstavilo \u010dak <strong>30 najpopularnijih izvo\u0111a\u010da i grupa<\/strong>. Osim brojnih posjetitelja na rivi, revijalni dio festivala pratili su u\u017eivo i gledatelji CMC televizije.<\/p>\n<p>Dva festivalska dana obilje\u017eila je glazba i to najbolja glazba koja se posljednjih mjeseci mogla \u010duti u radijskom i TV eteru.<\/p>\n<p>Prvi festivalski dan, petak, 10. lipnja zapo\u010deo je radno ve\u0107 od samog jutra. <strong>\u017deljko Bebek <\/strong>je razveselio mali\u0161ane dje\u010djeg vrti\u0107a &#8220;Tamaris&#8221; pokloniv\u0161i im <strong>komplete najpoznatijih dje\u010djih pri\u010da obuhva\u0107ene u ediciji &#8220;Bakine pri\u010de&#8221; <\/strong>nakon \u010dega je kao sugovornik prisustvovao Panelu <strong>&#8220;Doma\u0107a (zabavna) glazba u medijskom prostoru&#8221;<\/strong> u organizaciji <strong>Hrvatske diskografske udruge. <\/strong>Uz Bebeka govorili su <strong>Branko Komljenovi\u0107, Tomislav Mrdulja\u0161, Zlatko Turkalj, Robert Veseljak i Aleksandar Gajovi\u0107.<\/strong><strong><br \/>\n<\/strong><\/p>\n<div align=\"center\">\n<div align=\"left\">Na tradicionalnom izletu brodom, brojnim predstavnicima medija i kolegama svoj novi studijski album <strong>&#8220;Terapija&#8221;<\/strong> predstavila je uvijek dobro raspolo\u017eena <strong>Neda Ukraden<\/strong>.<\/p>\n<p>Ve\u010der je bila rezervirana za koncerte na Velikom stageu, Makina stageu i na Trgu dr. Franje Tu\u0111mana (ispo&#8217; kampanela) gdje nas je u ovogodi\u0161nji festivalski \u0161u\u0161ur uvela <strong>Klapa Munita<\/strong>, a njihov nastup bila je odli\u010dna prilika za predstavljanje upravo objavljenog studijskog albuma <strong>&#8220;Za \u0161aku munite&#8221; u nakladi Croatia Recordsa<\/strong>.<\/p>\n<p>Na velikom stageu atmosferu su prvo zagrijali <strong>Meja\u0161i <\/strong>koji su izveli svoje najve\u0107e hitove. Koncert popularnih tambura\u0161a u starkama zapo\u010deo je u 21:30 sati, a posjetitelji su se zabavili uz njihove najve\u0107e hitove kao \u0161to su <strong>&#8220;Pet-\u0161est piva&#8221;, &#8220;Zorica&#8221;, &#8220;Bolji nego ikad&#8221;, &#8220;Zavela me Ana&#8221;,&#8221; Pijanka&#8221;<\/strong> i mnoge druge. Nakon Meja\u0161a na prepunoj vodi\u010dkoj rivi pojavio se kralj zabave, <strong>Dra\u017een Ze\u010di\u0107 <\/strong>sa svojim <strong>Banana bendom<\/strong>. Bio je to prvi Ze\u010di\u0107ev solisti\u010dki koncert na CMC festivalu na kojem je gotovo svake godine, a publika je u\u017eivala u njegovim brojnim hitovima koji su obilje\u017eili njegovu preko 20 godina dugu karijeru. Nakon koncerta na glavnom stageu, kod Makine je odr\u017ean i tradicionalni koncert <strong>&#8220;Klapa vs Tambura&#8221;<\/strong>, a na pozornici su nastupili <strong>Klapa Munita, Posegana, Berny, Klapa Niko i Kumovi <\/strong>koji su svojim nastupima rasplesali publiku do ranih jutarnjih sati.<\/p>\n<p>Drugi festivalski dan, u subotu, 11. lipnja to\u010dno u podne u Blue Maru (pla\u017ea Hotela Olympia) odr\u017eana je slu\u017ebena <strong>press konferencija CMC festivala <\/strong>na kojoj su predstavljeni svi festivalski sadr\u017eaji uz najavu revijalnog dijela festivala. Predstavljen je i dvostruki album <strong>&#8220;CMC festival Vodice 2016.&#8221; <\/strong>koji je Croatia Records objavila prije mjesec dana. Na dvostrukoj kompilaciji nalazi se ukupno 31 hit najpoznatijih izvo\u0111a\u010da i grupa, a po broju prodanih primjeraka ve\u0107 se sad da zaklju\u010diti da \u0107e i ove godine upravo ono biti najprodavanije izdanje. Croatia Records predstavila je jo\u0161 nekoliko svojih va\u017enih izdanja &#8211; <strong>&#8220;The Ultimate Collection &#8211; Greatest Hits&#8221;<\/strong>, <strong>Oliverov &#8220;Original Album Collection vol. 1 &amp; vol. 2&#8221;<\/strong>, <strong>Gibonnijev &#8220;Original Album Collection&#8221;<\/strong>, album <strong>&#8220;Vru\u0107i ljetni hitovi&#8221;<\/strong>, a priliku za predstavljanje novog studijskog albuma <strong>&#8220;Samo ljubav&#8221; <\/strong>dobio je i <strong>Igor Dela\u010d <\/strong>koji je nastupio u pratnji AurA banda na Makina stageu. Ve\u010der je na CMC festivalu zapo\u010dela koncertom poznatog kantautora <strong>Ibrice Jusi\u0107a <\/strong>na Makina stageuna kojem je otpjevao hitove iz svoje dugogodi\u0161nje karijere i pjesme s njegovog Porinom nagra\u0111enog albuma <strong>&#8220;Harlekino&#8221;<\/strong>.<\/div>\n<div align=\"left\"><\/div>\n<div align=\"left\">Odmah nakon nastupa Ibrice Jusi\u0107a, s po\u010detkom u 21:30 sat, odr\u017ean je i revijalni dio CMC festivala na kojem su nastupili: <strong>Amel \u0106uri\u0107, Ante Cash, Begini, Bobo Kne\u017eevi\u0107, Danijela Martinovi\u0107, Dra\u017een Ze\u010di\u0107, Emilija Koki\u0107, Emina Arapovi\u0107, E.T., Iva \u0106uri\u0107, Ivan Zak, Ivana Kova\u010d, Ivica Bago, Jasmin Stavros &amp; Barabe, Kim Verson, Klapa Cambi Ka\u0161tel Kambelovac, Klapa Godimenti, Lana Jur\u010devi\u0107, Lidija Ba\u010di\u0107, Lete\u0107i odred, Magazin, Maja \u0160uput, Meja\u0161i, Minea, Tomislav Brali\u0107 i Klapa Intrade &amp; Mladen Grdovi\u0107, Neda Ukraden, Nina Donelli, Nives Celzijus, Ton\u010di &amp; Madre Badessa i \u017deljko Bebek.\u00a0<\/strong><strong><br \/>\n<\/strong><\/div>\n<div align=\"left\"><\/div>\n<div align=\"left\">Posebna nagrada \u010ditatelja 24.sata i Ve\u010dernjeg lista pripala je <strong>Ivanu Zaku <\/strong>za njegov veliki hit <strong>&#8220;Sve si moje&#8221;<\/strong>. <strong>Dra\u017een Ze\u010di\u0107<\/strong>, koji je u revijalnom dijelu festivala nastupio s pjesmom <strong>&#8220;Ide ljeto&#8221;<\/strong>, dobio je nagradu za pjesmu <strong>&#8220;Koga da volim, kad tebe nema&#8221;<\/strong> koja je bila najemitiranija pjesma s pro\u0161logodi\u0161njeg CMC festivala za \u0161to mu je posebno priznanje uru\u010dio izvr\u0161ni direktor CMC festivala, <strong>Mario Kova\u010d. <\/strong>Atraktivnoj <strong>Nini Donelli <\/strong>koja je ove godine prvi put nastupila na festivalu s pjesmom <strong>&#8220;Primitivac negativac&#8221; <\/strong>uru\u010dena je nagrada za najboljeg novog izvo\u0111a\u010da <strong>CMC festivala Vodice 2016.<\/strong><\/p>\n<p>Sjajnim koncertom koji je uslijedio poslije Revijalnog dijela publiku je do jutra rasplesala <strong> Danijela Martinovi\u0107<\/strong>. Odli\u010dnu atmosferu nije pokvarila ni ki\u0161a koja je po\u010dela padati, a nenadma\u0161na Danijela toliko je oraspolo\u017eila publiku svojim repertoarom da su je zvali na bis iako su mnogi od njih stajali vi\u0161e od 5 sati ispred pozornice.<\/div>\n<div align=\"left\"><strong>\u00a0<\/strong><\/div>\n<\/div>\n<div><strong>POPIS PJESAMA I IZVO\u0110A\u010cA NA REVIJALNOM DIJELU FESTIVALA:<\/p>\n<p><\/strong><\/div>\n<div>\n<p>1. <a href=\"https:\/\/www.youtube.com\/watch?v=KarSrFstpSM\" target=\"_blank\" rel=\"noopener noreferrer\">JA PO KAFANAMA &#8211; \u017dELJKO BEBEK<\/a><br \/>\n2. <a href=\"https:\/\/www.youtube.com\/watch?v=R7_opLoM3NY\" target=\"_blank\" rel=\"noopener noreferrer\">LJETO IDE \u2013 DRA\u017dEN ZE\u010cI\u0106<\/a><br \/>\n3. <a href=\"https:\/\/www.youtube.com\/watch?v=V69GHc19Jqc\" target=\"_blank\" rel=\"noopener noreferrer\">VOLIM BARABU \u2013 DANIJELA MARTINOVI\u0106<\/a><br \/>\n4. <a href=\"https:\/\/www.youtube.com\/watch?v=UMWGSR-edec\" target=\"_blank\" rel=\"noopener noreferrer\">KAKVI SAN JA KRALJ \u2013 TON\u010cI &amp; MADRE BADESSA<\/a><br \/>\n5. <a href=\"https:\/\/www.youtube.com\/watch?v=AVr8lpayzkU\" target=\"_blank\" rel=\"noopener noreferrer\">NE MO\u017dE\u0160 \u2013 IVA \u0106URI\u0106<\/a><br \/>\n6. AKO MO\u017dE\u0160, OPROSTI \u2013 ET<br \/>\n7. <a href=\"https:\/\/www.youtube.com\/watch?v=eXWMJwoEKq4\" target=\"_blank\" rel=\"noopener noreferrer\">STISNUT \u0106U ZUBE \u2013 LETE\u0106I ODRED<\/a><br \/>\n8. <a href=\"https:\/\/www.youtube.com\/watch?v=9H8VKG6fZQQ\" target=\"_blank\" rel=\"noopener noreferrer\">DIM \u2013 BOBO<\/a><br \/>\n9. <a href=\"https:\/\/www.youtube.com\/watch?v=L20yYYWdJC4\" target=\"_blank\" rel=\"noopener noreferrer\">BUBAMARA \u2013 MEJA\u0160I<\/a><br \/>\n10. <a href=\"https:\/\/www.youtube.com\/watch?v=KorhNezk7C4\" target=\"_blank\" rel=\"noopener noreferrer\">BILA BOJA \u2013 IVANA KOVA\u010c<\/a><br \/>\n11. <a href=\"https:\/\/www.youtube.com\/watch?v=JOW3dslNQdM\" target=\"_blank\" rel=\"noopener noreferrer\">LJUBAKANJE \u2013 MINEA<\/a><br \/>\n12. <a href=\"https:\/\/www.youtube.com\/watch?v=ZZVCJ-ZbO48\" target=\"_blank\" rel=\"noopener noreferrer\">DRUGA \u2013 EMILIJA KOKI\u0106<\/a><br \/>\n13. <a href=\"https:\/\/www.youtube.com\/watch?v=v3u3nESAGV4\" target=\"_blank\" rel=\"noopener noreferrer\">KRILA LJUBAVNA \u2013 KIM VERSON<\/a><br \/>\n14.<a href=\"https:\/\/www.youtube.com\/watch?v=KqVx-X3xgC0\" target=\"_blank\" rel=\"noopener noreferrer\"> PREMIJA \u2013 EMINA ARAPOVI\u0106<\/a><br \/>\n15. <a href=\"https:\/\/www.youtube.com\/watch?v=0PUVi5hVtgg\" target=\"_blank\" rel=\"noopener noreferrer\">OD LJUBAVI PIJANA \u2013 LIDIJA BA\u010cI\u0106<\/a><br \/>\n16. <a href=\"https:\/\/www.youtube.com\/watch?v=KK5iDFrp8Vk\" target=\"_blank\" rel=\"noopener noreferrer\">TE ZIME \u2013 AMEL \u0106URI\u0106<\/a><br \/>\n17. <a href=\"https:\/\/www.youtube.com\/watch?v=1hD_PBlS9y4\" target=\"_blank\" rel=\"noopener noreferrer\">MALA MOJA DALMATINKO \u2013 CRVENA JABUKA FEAT. KLAPA PUNTAMIKA<\/a><br \/>\n18. <a href=\"https:\/\/www.youtube.com\/watch?v=sZDqhkLpYsI\" target=\"_blank\" rel=\"noopener noreferrer\">FE\u0160TA \u2013 ANTE CASH<\/a><br \/>\n19. <a href=\"https:\/\/www.youtube.com\/watch?v=H-6gFqNoI9s\" target=\"_blank\" rel=\"noopener noreferrer\">NE LOMI MI SRCE \u2013 MAJA \u0160UPUT<\/a><br \/>\n20. <a href=\"https:\/\/www.youtube.com\/watch?v=BzHR_7bsE1w\" target=\"_blank\" rel=\"noopener noreferrer\">IMA DANA \u2013 MAGAZIN<\/a><br \/>\n21. <a href=\"https:\/\/www.youtube.com\/watch?v=bJlQA6ug3Jg\" target=\"_blank\" rel=\"noopener noreferrer\">VRTI MI SE \u2013 LANA JUR\u010cEVI\u0106 FEAT. ANTE CASH<\/a><br \/>\n22. <a href=\"https:\/\/www.youtube.com\/watch?v=HCFS0b0dB4Q\" target=\"_blank\" rel=\"noopener noreferrer\">KRALJEVI ZABAVE \u2013 JASMIN STAVROS &amp; BARABE<\/a><br \/>\n23. <a href=\"https:\/\/www.youtube.com\/watch?v=Y-rpjo--cFE\" target=\"_blank\" rel=\"noopener noreferrer\">TI SI ZA ME \u017dENA \u2013 KLAPA GODIMENTI<\/a><br \/>\n24. <a href=\"https:\/\/www.youtube.com\/watch?v=48q8go3hGNE\" target=\"_blank\" rel=\"noopener noreferrer\">UZORITA \u2013 TOMISLAV BRALI\u0106 I KLAPA INTRADE &amp; MLADEN GRDOVI\u0106<\/a><br \/>\n25. <a href=\"https:\/\/www.youtube.com\/watch?v=J2-Z03Yf798\" target=\"_blank\" rel=\"noopener noreferrer\">SLIJEPI PUTNIK \u2013 KLAPA CAMBI (KA\u0160TEL KAMBELOVAC)<\/a><br \/>\n26. <a href=\"https:\/\/www.youtube.com\/watch?v=a4Dnf38pbyE\" target=\"_blank\" rel=\"noopener noreferrer\">TU\u0110A \u017dENA \u2013 IVICA BAGO<\/a><br \/>\n27. <a href=\"https:\/\/www.youtube.com\/watch?v=zTFPok9a9Ck\" target=\"_blank\" rel=\"noopener noreferrer\">IZ PROTESTA \u2013 BEGINI<\/a><br \/>\n28. <a href=\"https:\/\/www.youtube.com\/watch?v=gHQc3nOlP1E\" target=\"_blank\" rel=\"noopener noreferrer\">PRIMITIVAC NEGATIVAC \u2013 NINA DONELLI\u00a0<\/a><br \/>\n29. <a href=\"https:\/\/www.youtube.com\/watch?v=BIVVY6C3iSQ\" target=\"_blank\" rel=\"noopener noreferrer\">MAMURLUK \u2013 NIVES CELZIJUS<\/a><br \/>\n30. <a href=\"https:\/\/www.youtube.com\/watch?v=8B-WRCFUtmI\" target=\"_blank\" rel=\"noopener noreferrer\">TERAPIJA \u2013 NEDA UKRADEN<\/a><br \/>\n31. <a href=\"https:\/\/www.youtube.com\/watch?v=BLTs3_CJg98\" target=\"_blank\" rel=\"noopener noreferrer\">SVE SI MOJE \u2013 IVAN ZAK<\/a><\/p>\n<\/div>\n","protected":false},"excerpt":{"rendered":"<p>CMC FESTIVAL VODICE 2016. (osmo izdanje) Najbolji festival u regiji, CMC festival 2016 i ove je godine, unato\u010d lo\u0161im vremenskim prognozama i neveri koja je prijetila, napunio vodi\u010dku rivu. Na osmom festivalu, svoje je najnovije hitove predstavilo \u010dak 30 najpopularnijih izvo\u0111a\u010da i grupa. Osim brojnih&#8230;<\/p>\n","protected":false},"author":1,"featured_media":0,"parent":0,"menu_order":0,"comment_status":"closed","ping_status":"closed","template":"","meta":{"footnotes":""},"class_list":["post-8239","page","type-page","status-publish","hentry"],"yoast_head":"<!-- This site is optimized with the Yoast SEO plugin v24.2 - https:\/\/yoast.com\/wordpress\/plugins\/seo\/ -->\n<title>CMC festival 2016. - CMC festival Vodice<\/title>\n<meta name=\"robots\" content=\"index, follow, max-snippet:-1, max-image-preview:large, max-video-preview:-1\" \/>\n<link rel=\"canonical\" href=\"https:\/\/cmcfestival.com.hr\/?page_id=8239\" \/>\n<meta property=\"og:locale\" content=\"hr_HR\" \/>\n<meta property=\"og:type\" content=\"article\" \/>\n<meta property=\"og:title\" content=\"CMC festival 2016. - CMC festival Vodice\" \/>\n<meta property=\"og:description\" content=\"CMC FESTIVAL VODICE 2016. (osmo izdanje) Najbolji festival u regiji, CMC festival 2016 i ove je godine, unato\u010d lo\u0161im vremenskim prognozama i neveri koja je prijetila, napunio vodi\u010dku rivu. Na osmom festivalu, svoje je najnovije hitove predstavilo \u010dak 30 najpopularnijih izvo\u0111a\u010da i grupa. Osim brojnih...\" \/>\n<meta property=\"og:url\" content=\"https:\/\/cmcfestival.com.hr\/?page_id=8239\" \/>\n<meta property=\"og:site_name\" content=\"CMC festival Vodice\" \/>\n<meta property=\"og:image\" content=\"https:\/\/cmcfestival.com.hr\/v2\/wp-content\/uploads\/2020\/04\/cmc2016_small-211x300.jpg\" \/>\n<meta name=\"twitter:card\" content=\"summary_large_image\" \/>\n<meta name=\"twitter:label1\" content=\"Procijenjeno vrijeme \u010ditanja\" \/>\n\t<meta name=\"twitter:data1\" content=\"5 minuta\" \/>\n<script type=\"application\/ld+json\" class=\"yoast-schema-graph\">{\"@context\":\"https:\/\/schema.org\",\"@graph\":[{\"@type\":\"WebPage\",\"@id\":\"https:\/\/cmcfestival.com.hr\/?page_id=8239\",\"url\":\"https:\/\/cmcfestival.com.hr\/?page_id=8239\",\"name\":\"CMC festival 2016. - CMC festival Vodice\",\"isPartOf\":{\"@id\":\"https:\/\/cmcfestival.com.hr\/#website\"},\"primaryImageOfPage\":{\"@id\":\"https:\/\/cmcfestival.com.hr\/?page_id=8239#primaryimage\"},\"image\":{\"@id\":\"https:\/\/cmcfestival.com.hr\/?page_id=8239#primaryimage\"},\"thumbnailUrl\":\"https:\/\/cmcfestival.com.hr\/v2\/wp-content\/uploads\/2020\/04\/cmc2016_small-211x300.jpg\",\"datePublished\":\"2020-04-07T06:48:04+00:00\",\"dateModified\":\"2020-04-07T06:48:04+00:00\",\"breadcrumb\":{\"@id\":\"https:\/\/cmcfestival.com.hr\/?page_id=8239#breadcrumb\"},\"inLanguage\":\"hr\",\"potentialAction\":[{\"@type\":\"ReadAction\",\"target\":[\"https:\/\/cmcfestival.com.hr\/?page_id=8239\"]}]},{\"@type\":\"ImageObject\",\"inLanguage\":\"hr\",\"@id\":\"https:\/\/cmcfestival.com.hr\/?page_id=8239#primaryimage\",\"url\":\"https:\/\/cmcfestival.com.hr\/wp-content\/uploads\/2020\/04\/cmc2016_small.jpg\",\"contentUrl\":\"https:\/\/cmcfestival.com.hr\/wp-content\/uploads\/2020\/04\/cmc2016_small.jpg\",\"width\":300,\"height\":427},{\"@type\":\"BreadcrumbList\",\"@id\":\"https:\/\/cmcfestival.com.hr\/?page_id=8239#breadcrumb\",\"itemListElement\":[{\"@type\":\"ListItem\",\"position\":1,\"name\":\"Po\u010detna stranica\",\"item\":\"https:\/\/cmcfestival.com.hr\/\"},{\"@type\":\"ListItem\",\"position\":2,\"name\":\"CMC festival 2016.\"}]},{\"@type\":\"WebSite\",\"@id\":\"https:\/\/cmcfestival.com.hr\/#website\",\"url\":\"https:\/\/cmcfestival.com.hr\/\",\"name\":\"CMC festival Vodice\",\"description\":\"2026\",\"potentialAction\":[{\"@type\":\"SearchAction\",\"target\":{\"@type\":\"EntryPoint\",\"urlTemplate\":\"https:\/\/cmcfestival.com.hr\/?s={search_term_string}\"},\"query-input\":{\"@type\":\"PropertyValueSpecification\",\"valueRequired\":true,\"valueName\":\"search_term_string\"}}],\"inLanguage\":\"hr\"}]}<\/script>\n<!-- \/ Yoast SEO plugin. -->","yoast_head_json":{"title":"CMC festival 2016. - CMC festival Vodice","robots":{"index":"index","follow":"follow","max-snippet":"max-snippet:-1","max-image-preview":"max-image-preview:large","max-video-preview":"max-video-preview:-1"},"canonical":"https:\/\/cmcfestival.com.hr\/?page_id=8239","og_locale":"hr_HR","og_type":"article","og_title":"CMC festival 2016. - CMC festival Vodice","og_description":"CMC FESTIVAL VODICE 2016. (osmo izdanje) Najbolji festival u regiji, CMC festival 2016 i ove je godine, unato\u010d lo\u0161im vremenskim prognozama i neveri koja je prijetila, napunio vodi\u010dku rivu. Na osmom festivalu, svoje je najnovije hitove predstavilo \u010dak 30 najpopularnijih izvo\u0111a\u010da i grupa. Osim brojnih...","og_url":"https:\/\/cmcfestival.com.hr\/?page_id=8239","og_site_name":"CMC festival Vodice","og_image":[{"url":"https:\/\/cmcfestival.com.hr\/v2\/wp-content\/uploads\/2020\/04\/cmc2016_small-211x300.jpg","type":"","width":"","height":""}],"twitter_card":"summary_large_image","twitter_misc":{"Procijenjeno vrijeme \u010ditanja":"5 minuta"},"schema":{"@context":"https:\/\/schema.org","@graph":[{"@type":"WebPage","@id":"https:\/\/cmcfestival.com.hr\/?page_id=8239","url":"https:\/\/cmcfestival.com.hr\/?page_id=8239","name":"CMC festival 2016. - CMC festival Vodice","isPartOf":{"@id":"https:\/\/cmcfestival.com.hr\/#website"},"primaryImageOfPage":{"@id":"https:\/\/cmcfestival.com.hr\/?page_id=8239#primaryimage"},"image":{"@id":"https:\/\/cmcfestival.com.hr\/?page_id=8239#primaryimage"},"thumbnailUrl":"https:\/\/cmcfestival.com.hr\/v2\/wp-content\/uploads\/2020\/04\/cmc2016_small-211x300.jpg","datePublished":"2020-04-07T06:48:04+00:00","dateModified":"2020-04-07T06:48:04+00:00","breadcrumb":{"@id":"https:\/\/cmcfestival.com.hr\/?page_id=8239#breadcrumb"},"inLanguage":"hr","potentialAction":[{"@type":"ReadAction","target":["https:\/\/cmcfestival.com.hr\/?page_id=8239"]}]},{"@type":"ImageObject","inLanguage":"hr","@id":"https:\/\/cmcfestival.com.hr\/?page_id=8239#primaryimage","url":"https:\/\/cmcfestival.com.hr\/wp-content\/uploads\/2020\/04\/cmc2016_small.jpg","contentUrl":"https:\/\/cmcfestival.com.hr\/wp-content\/uploads\/2020\/04\/cmc2016_small.jpg","width":300,"height":427},{"@type":"BreadcrumbList","@id":"https:\/\/cmcfestival.com.hr\/?page_id=8239#breadcrumb","itemListElement":[{"@type":"ListItem","position":1,"name":"Po\u010detna stranica","item":"https:\/\/cmcfestival.com.hr\/"},{"@type":"ListItem","position":2,"name":"CMC festival 2016."}]},{"@type":"WebSite","@id":"https:\/\/cmcfestival.com.hr\/#website","url":"https:\/\/cmcfestival.com.hr\/","name":"CMC festival Vodice","description":"2026","potentialAction":[{"@type":"SearchAction","target":{"@type":"EntryPoint","urlTemplate":"https:\/\/cmcfestival.com.hr\/?s={search_term_string}"},"query-input":{"@type":"PropertyValueSpecification","valueRequired":true,"valueName":"search_term_string"}}],"inLanguage":"hr"}]}},"jetpack_sharing_enabled":true,"_links":{"self":[{"href":"https:\/\/cmcfestival.com.hr\/index.php?rest_route=\/wp\/v2\/pages\/8239","targetHints":{"allow":["GET"]}}],"collection":[{"href":"https:\/\/cmcfestival.com.hr\/index.php?rest_route=\/wp\/v2\/pages"}],"about":[{"href":"https:\/\/cmcfestival.com.hr\/index.php?rest_route=\/wp\/v2\/types\/page"}],"author":[{"embeddable":true,"href":"https:\/\/cmcfestival.com.hr\/index.php?rest_route=\/wp\/v2\/users\/1"}],"replies":[{"embeddable":true,"href":"https:\/\/cmcfestival.com.hr\/index.php?rest_route=%2Fwp%2Fv2%2Fcomments&post=8239"}],"version-history":[{"count":1,"href":"https:\/\/cmcfestival.com.hr\/index.php?rest_route=\/wp\/v2\/pages\/8239\/revisions"}],"predecessor-version":[{"id":8241,"href":"https:\/\/cmcfestival.com.hr\/index.php?rest_route=\/wp\/v2\/pages\/8239\/revisions\/8241"}],"wp:attachment":[{"href":"https:\/\/cmcfestival.com.hr\/index.php?rest_route=%2Fwp%2Fv2%2Fmedia&parent=8239"}],"curies":[{"name":"wp","href":"https:\/\/api.w.org\/{rel}","templated":true}]}}