{"id":8242,"date":"2020-04-07T07:50:01","date_gmt":"2020-04-07T06:50:01","guid":{"rendered":"https:\/\/cmcfestival.com.hr\/v2\/?page_id=8242"},"modified":"2020-04-07T07:50:01","modified_gmt":"2020-04-07T06:50:01","slug":"cmc-festival-2017","status":"publish","type":"page","link":"https:\/\/cmcfestival.com.hr\/?page_id=8242","title":{"rendered":"CMC festival 2017."},"content":{"rendered":"<p><img loading=\"lazy\" decoding=\"async\" class=\" wp-image-8243 alignleft\" src=\"https:\/\/cmcfestival.com.hr\/v2\/wp-content\/uploads\/2020\/04\/cmc2017_small-212x300.jpg\" alt=\"\" width=\"272\" height=\"385\" srcset=\"https:\/\/cmcfestival.com.hr\/wp-content\/uploads\/2020\/04\/cmc2017_small-212x300.jpg 212w, https:\/\/cmcfestival.com.hr\/wp-content\/uploads\/2020\/04\/cmc2017_small.jpg 300w\" sizes=\"auto, (max-width: 272px) 100vw, 272px\" \/><\/p>\n<div id=\"rt-mainbody-surround\">\n<div class=\"rt-container\">\n<div id=\"rt-main\" class=\"mb12\">\n<div class=\"rt-grid-12 \">\n<div class=\"rt-block\">\n<div id=\"rt-mainbody\">\n<div class=\"component-content\">\n<div class=\"item-page\">\n<h4><strong>CMC FESTIVAL VODICE 2017. (deveto izdanje)<\/strong><\/h4>\n<p><strong>Deveti CMC festival powered by Calzedonia<\/strong> odr\u017ean 9. i 10. lipnja u Vodicama, <strong>najve\u0107i je dosada\u0161nji festival po broju gledatelja i medija iz \u010ditave regije<\/strong> koji nisu \u017eeljeli propustiti atraktivne nastupe \u010dak <strong>33 najpopularnijih izvo\u0111a\u010da i grupa iz Hrvatske, Slovenije, Bosne i Hercegovine, Makedonije i Crne Gore<\/strong> koji su predstavili svoje najnovije hitove. Sve nastupe pratili su u\u017eivo i gledatelji <strong>CMC televizije te bosanske televizije Hayat<\/strong>. Prepuna vodi\u010dka riva dvije je ve\u010deri zaredom bila centrom odli\u010dne zabave odu\u0161eviv\u0161i publiku pristiglu iz svih krajeva Hrvatske i Europe. Dva festivalska dana obilje\u017eila je najbolja glazba koja se posljednjih mjeseci mogla \u010duti u radijskom i TV eteru.<\/p>\n<p>Prvi festivalski dan, petak, zapo\u010deo je tradicionalnim izletom brodom na kojemu se odr\u017ealo <strong>predstavljanje dvostrukog CD izdanja &#8220;CMC festival Vodice 2017&#8221; u nakladi Croatia Recordsa<\/strong>, koji je najprodavanije kompilacijsko izdanje u Hrvatskoj! Nakon morske avanture, hotel Punta bio je doma\u0107in zanimljive i konstruktivne <strong>panel diskusije u organizaciji Hrvatske diskografske udruge<\/strong> pod nazivom<strong> \u201cIma li mjesta doma\u0107oj glazbi u radijskom eteru?\u201c.<\/strong> Panelu su prisustvovali Maja Rakovi\u0107, vlasnica i glavna urednica beogradskog Naxi radija, Branimir Mihaljevi\u0107, skladatelj i glazbeni producent, Ahmed \u0160vraki\u0107, vlasnik sarajevske televizije Hayat i istoimene diskografske ku\u0107e, Aleksandar Gajovi\u0107, urednik beogradskog lista Ilustrovana politika te novinar i glazbeni kriti\u010dar Zlatko Gall. Ve\u010der je ponudila uistinu vrhunski program koji je zapo\u010deo na Velikom stageu koncertom neodoljive<strong> Mije Dim\u0161i\u0107<\/strong>, a nastavio se koncertom jedinstvenog <strong>Massima<\/strong>. Fenomenalno raspolo\u017eena publika zabavu je nastavila na Makina stageu gdje su svojim nastupima atmosferu do usijanja zagrijali bend <strong>Instinkt, Marko Vukes &amp; Share Love with Others te bend Zaratino<\/strong>.<\/p>\n<div align=\"center\">\n<div align=\"left\">Drugi festivalski dan zapo\u010deo je u Blue Mar-u, na \u010darobnoj lokaciji pla\u017ee hotela Olympia, gdje je odr\u017eana impresivno posje\u0107ena slu\u017ebena press konferencija CMC festivala na kojoj su predstavljena nova diskografska izdanja uz najavu revijalnog dijela festivala. Diskografska ku\u0107a Croatia Records popularnim <strong>Meja\u0161ima<\/strong> dodijelila je priznanje za srebrnu nakladu albuma<strong> \u201eBolji nego ikad\u201c<\/strong>. Miljenik publike <strong>Sergej \u0106etkovi\u0107<\/strong> predstavio je novo kompilacijsko izdanje <strong>\u201eThe Best of Collection\u201d<\/strong>, dok je <strong>Mia Dim\u0161i\u0107<\/strong> predstavila <strong>ekskluzivno LP izdanje svog debitantskog albuma \u201e\u017divot nije siv\u201c<\/strong>. Tri mu\u0161ketira koje \u010dine kraljevi zabave <strong>Mladen Grdovi\u0107, Zlatko Pejakovi\u0107 i Jasmin Stavros<\/strong> okupljenima su najavili nezaboravan ve\u010dernji koncert, odmah po zavr\u0161etku revijalnog dijela CMC festivala. Uvijek intrigantna <strong>Lidija Ba\u010di\u0107 Lille<\/strong> predstavila je svoj novi album <strong>\u201eTijelo kao pjesma\u201c<\/strong> otpjevav\u0161i u\u017eivo nekoliko svojih velikih hitova, a u jednom joj se trenutku pridru\u017eio i mladi <strong>Luka Basi<\/strong> s kojim je snimila duet <strong>&#8220;Solo&#8221;<\/strong>.<\/p>\n<p>Nave\u010der, s po\u010detkom u 21:30 sati, odr\u017ean je i revijalni dio CMC festivala na kojem je nastupilo najvi\u0161e izvo\u0111a\u010da dosad: <strong>Adis \u0160kaljo, Alen Ni\u017eeti\u0107, Ante Cash, Danijela Martinovi\u0107, David Temelkov, Emina Arapovi\u0107, Ines Erbus, Ivan Zak, Jasmin Stavros, Jole, Klapa Contra, Klapa Godimenti, Lana Jur\u010devi\u0107, Lidija Ba\u010di\u0107, Luka Basi, Luka Ni\u017eeti\u0107, Maraaya feat. BQL, Magazin, Max Hozi\u0107, Meja\u0161i, Mia, Mladen Grdovi\u0107, Neda Ukraden, Nikolina Tomljanovi\u0107, Nina Donelli, Rialda, Slavonia Band, Sergej \u0106etkovi\u0107, Ton\u010di &amp; Madre Badessa, Trio gu\u0161t, Zlatko Pejakovi\u0107 i \u017deljko Bebek<\/strong>. Festivalsku ve\u010der vodili su<strong> Dalibor Petko i Ana Ledenko<\/strong>.<\/p>\n<p>Posebna nagrada CMC televizije za najboljeg regionalnog izvo\u0111a\u010da 2016. godine uru\u010dena je <strong>Sergeju \u0106etkovi\u0107u<\/strong> koji nije krio odu\u0161evljenje priznanjem, dok je nagrada za najbolju izvo\u0111a\u010dicu 2016. godine pripala glazbenoj senzaciji <strong>Miji Dim\u0161i\u0107<\/strong>. Legendarnom <strong>\u017deljku Bebeku<\/strong> pripala je \u010dast zatvaranja revijalnog dijela festivala, ali i veliko priznanje za pjesmu <strong>&#8220;Ja po kafanama&#8221;<\/strong> koja je progla\u0161ena Hitom godine 2016. na CMC televiziji. Nagrada je pripala i autorima spomenute pjesme, <strong>Branimiru Mihaljevi\u0107u te Fayi<\/strong>.<\/div>\n<div align=\"left\"><\/div>\n<div align=\"left\">Nakon posljednjeg nastupa atmosfera u publici nije nimalo splasnula jer su pozornicu preuzeli iskusni majstori u stvaranju najbolje zabave \u2013 <strong>Tri mu\u0161ketira<\/strong>! Prvi je nastupio veliki <strong>Zlatko Pejakovi\u0107<\/strong> koji je nizao svoje najve\u0107e nazaboravne hitove i raspjevao sve prisutne. Palicu me\u0161tra od zabave potom je preuzeo<strong> Mladen Grdovi\u0107<\/strong> pokazav\u0161i jo\u0161 jednom za\u0161to je godinama jedan od najtra\u017eenijih izvo\u0111a\u010da na estradi, a<strong> Jasmin Stavros<\/strong> je svojim bezvremenskim hitovima natjerao sve da zaborave na sat i obaveze sljede\u0107eg dana. Nakon Tri mu\u0161ketira koncert je odr\u017eala mlada pjeva\u010dica <strong>Nina Donelli<\/strong>, koja je nastupila i u revijalnom dijelu ve\u010deri pjesmom &#8220;Ako, ako&#8221;. Usporedno s nastupima na Velikom stageu, zabave nije nedostajalo ni na Makina stageu gdje je okupljene zabavljao bend <strong>Diktatori<\/strong>. Kao zaklju\u010denje nezaboravne ve\u010deri uslijedio je tradicionalni after party u vodi\u010dkom Lime baru i Operi na kojem su izvo\u0111a\u010di prepri\u010davali dojmove s jo\u0161 jednog fantasti\u010dnog CMC festivala koji sljede\u0107e godine slavi jubilarnu desetu godinu. Vidimo se dogodine!<\/div>\n<div align=\"left\"><strong>\u00a0<\/strong><\/div>\n<\/div>\n<div><strong>POPIS PJESAMA I IZVO\u0110A\u010cA NA REVIJALNOM DIJELU FESTIVALA:<\/p>\n<p><\/strong><\/div>\n<div>\n<p>1. <a href=\"https:\/\/www.youtube.com\/watch?v=vdxRGUp8cko\" target=\"_blank\" rel=\"noopener noreferrer\">\u017dENA, A NE BROJ &#8211; MAGAZIN<\/a><br \/>\n2. <a href=\"https:\/\/www.youtube.com\/watch?v=VFUvxyZQx1Q\" target=\"_blank\" rel=\"noopener noreferrer\">ONO NE\u0160TO NA\u0160E &#8211; \u017dELJKO BEBEK<\/a><br \/>\n3. <a href=\"https:\/\/www.youtube.com\/watch?v=ibup44LWrfI\" target=\"_blank\" rel=\"noopener noreferrer\">RASIPNIK &#8211; JOLE<\/a><br \/>\n4. <a href=\"https:\/\/www.youtube.com\/watch?v=-_hFrmsmYjY\" target=\"_blank\" rel=\"noopener noreferrer\">GLUPA\u010cO MOJA &#8211; LIDIJA BA\u010cI\u0106<\/a><br \/>\n5. <a href=\"https:\/\/www.youtube.com\/watch?v=Vhc3fTAgPc4\" target=\"_blank\" rel=\"noopener noreferrer\">FAVORIT &#8211; NEDA UKRADEN<\/a><br \/>\n6. <a href=\"https:\/\/www.youtube.com\/watch?v=EECPcfS2xBo\" target=\"_blank\" rel=\"noopener noreferrer\">NI\u010cIJA &#8211; IVAN ZAK<\/a><br \/>\n7. <a href=\"https:\/\/www.youtube.com\/watch?v=fUDy9eJgd5s\" target=\"_blank\" rel=\"noopener noreferrer\">AKO, AKO &#8211; NINA DONELLI<\/a><br \/>\n8. <a href=\"https:\/\/www.youtube.com\/watch?v=ocUK107sVGs\" target=\"_blank\" rel=\"noopener noreferrer\">KOMBINACIJA &#8211; LUKA BASI<\/a><br \/>\n9. <a href=\"https:\/\/www.youtube.com\/watch?v=ePgTZmOScJk\" target=\"_blank\" rel=\"noopener noreferrer\">LAGANO &#8211; LUKA NI\u017dETI\u0106<\/a><br \/>\n10. <a href=\"https:\/\/www.youtube.com\/watch?v=wR70O_z16gc\" target=\"_blank\" rel=\"noopener noreferrer\">NEPONOVLJIVO &#8211; NIKOLINA TOMLJANOVI\u0106<\/a><br \/>\n11. <a href=\"https:\/\/www.youtube.com\/watch?v=YiJXZbpwEK4\" target=\"_blank\" rel=\"noopener noreferrer\">\u0160TA BUDE DA BUDE &#8211; MAX HOZI\u0106<\/a><br \/>\n12. <a href=\"https:\/\/www.youtube.com\/watch?v=69zRF_WEd-s\" target=\"_blank\" rel=\"noopener noreferrer\">KAD BI MOGA &#8211; KLAPA GODIMENTI<\/a><br \/>\n13. <a href=\"https:\/\/www.youtube.com\/watch?v=9TPT78-DnhE\" target=\"_blank\" rel=\"noopener noreferrer\">U NEVERI SRE\u0106E &#8211; TRIO GU\u0160T<\/a><br \/>\n14. <a href=\"https:\/\/www.youtube.com\/watch?v=wksf3xNYkd0\" target=\"_blank\" rel=\"noopener noreferrer\">KALDRME I JORGOVANI &#8211; ZLATKO PEJAKOVI\u0106<\/a><br \/>\n15. <a href=\"https:\/\/www.youtube.com\/watch?v=Rj-I2CShRLA\" target=\"_blank\" rel=\"noopener noreferrer\">JA SAM TE VOLIO &#8211; ALEN NI\u017dETI\u0106<\/a><br \/>\n16. <a href=\"https:\/\/www.youtube.com\/watch?v=OCNzDxFbEHM\" target=\"_blank\" rel=\"noopener noreferrer\">MARE MOJA &#8211; JASMIN STAVROS<\/a><br \/>\n17. <a href=\"https:\/\/www.youtube.com\/watch?v=fNtJxk4LrhE\" target=\"_blank\" rel=\"noopener noreferrer\">BEZIMENI &#8211; MIA<\/a><br \/>\n18. <a href=\"https:\/\/www.youtube.com\/watch?v=ZrtXv7Zre9Q\" target=\"_blank\" rel=\"noopener noreferrer\">NO STRES &#8211; TON\u010cI &amp; MADRE BADESSA<\/a><br \/>\n19. <a href=\"https:\/\/www.youtube.com\/watch?v=zHwkR_jLTHQ\" target=\"_blank\" rel=\"noopener noreferrer\">NEMAM MJERU &#8211; DANIJELA MARTINOVI\u0106<\/a><br \/>\n20. <a href=\"https:\/\/www.youtube.com\/watch?v=QSxV45h3WqY\" target=\"_blank\" rel=\"noopener noreferrer\">DALMATINKA MALA &#8211; MLADEN GRDOVI\u0106<\/a><br \/>\n21. <a href=\"https:\/\/www.youtube.com\/watch?v=CKPTSlbWRoA\" target=\"_blank\" rel=\"noopener noreferrer\">ONA NOVU LJUBAV IMA &#8211; DRA\u017dEN ZE\u010cI\u0106 &amp; D\u017dENTLMENI<\/a><br \/>\n22. <a href=\"https:\/\/www.youtube.com\/watch?v=DdKaLiGcpzY\" target=\"_blank\" rel=\"noopener noreferrer\">KA\u017dU DA TE \u017dENIM &#8211; MEJA\u0160I<\/a><br \/>\n23. <a href=\"https:\/\/www.youtube.com\/watch?v=5kGRGSdw2s4\" target=\"_blank\" rel=\"noopener noreferrer\">KRENI PISMO &#8211; KLAPA CONTRA<\/a><br \/>\n24. <a href=\"https:\/\/www.youtube.com\/watch?v=gaId0Prc15o\" target=\"_blank\" rel=\"noopener noreferrer\">MNOGE SU ME LJUBILE &#8211; SLAVONIA BAND<\/a><br \/>\n25. <a href=\"https:\/\/www.youtube.com\/watch?v=sBNc-QLjg-0\" target=\"_blank\" rel=\"noopener noreferrer\">LJUBAV OD BARUTA &#8211; RIALDA<\/a><br \/>\n26. <a href=\"https:\/\/www.youtube.com\/watch?v=Wd1BSU9PoME\" target=\"_blank\" rel=\"noopener noreferrer\">ANGELINA JOLIE &#8211; ANTE CASH<\/a><br \/>\n27. <a href=\"https:\/\/www.youtube.com\/watch?v=J-fkhJnW2KM\" target=\"_blank\" rel=\"noopener noreferrer\">SJAJ &#8211; MAARAYA FEAT. BQL<\/a><br \/>\n28. <a href=\"https:\/\/www.youtube.com\/watch?v=mUVgdIHZskg\" target=\"_blank\" rel=\"noopener noreferrer\">KIM KARDASHIAN &#8211; LANA JUR\u010cEVI\u0106<\/a><br \/>\n29. <a href=\"https:\/\/www.youtube.com\/watch?v=cuyJCXz9YcM\" target=\"_blank\" rel=\"noopener noreferrer\">TORNADO &#8211; INES ERBUS<\/a><br \/>\n30. <a href=\"https:\/\/www.youtube.com\/watch?v=S3SP6xjwF_M\" target=\"_blank\" rel=\"noopener noreferrer\">POBJEDNICA &#8211; EMINA ARAPOVI\u0106<\/a><br \/>\n31. <a href=\"https:\/\/www.youtube.com\/watch?v=aYIr-gU6K40\" target=\"_blank\" rel=\"noopener noreferrer\">ZA NAS &#8211; ADIS \u0160KALJO<\/a><br \/>\n32. <a href=\"https:\/\/www.youtube.com\/watch?v=_t5NBuLDJi4\" target=\"_blank\" rel=\"noopener noreferrer\">LJUBAV NA DALJINU &#8211; DAVID TEMELKOV<\/a><br \/>\n33. <a href=\"https:\/\/www.youtube.com\/watch?v=MbHMGfLzniE\" target=\"_blank\" rel=\"noopener noreferrer\">NEK TE LJUBAV DO\u010cEKA &#8211; SERGEJ \u0106ETKOVI\u0106<\/a><\/p>\n<\/div>\n<\/div>\n<\/div>\n<\/div>\n<\/div>\n<\/div>\n<\/div>\n<\/div>\n<\/div>\n<div class=\"rt-body-btm\">\n<div class=\"left-btm-pointer\"><\/div>\n<\/div>\n","protected":false},"excerpt":{"rendered":"<p>CMC FESTIVAL VODICE 2017. (deveto izdanje) Deveti CMC festival powered by Calzedonia odr\u017ean 9. i 10. lipnja u Vodicama, najve\u0107i je dosada\u0161nji festival po broju gledatelja i medija iz \u010ditave regije koji nisu \u017eeljeli propustiti atraktivne nastupe \u010dak 33 najpopularnijih izvo\u0111a\u010da i grupa iz Hrvatske,&#8230;<\/p>\n","protected":false},"author":1,"featured_media":0,"parent":0,"menu_order":0,"comment_status":"closed","ping_status":"closed","template":"","meta":{"footnotes":""},"class_list":["post-8242","page","type-page","status-publish","hentry"],"yoast_head":"<!-- This site is optimized with the Yoast SEO plugin v24.2 - https:\/\/yoast.com\/wordpress\/plugins\/seo\/ -->\n<title>CMC festival 2017. - CMC festival Vodice<\/title>\n<meta name=\"robots\" content=\"index, follow, max-snippet:-1, max-image-preview:large, max-video-preview:-1\" \/>\n<link rel=\"canonical\" href=\"https:\/\/cmcfestival.com.hr\/?page_id=8242\" \/>\n<meta property=\"og:locale\" content=\"hr_HR\" \/>\n<meta property=\"og:type\" content=\"article\" \/>\n<meta property=\"og:title\" content=\"CMC festival 2017. - CMC festival Vodice\" \/>\n<meta property=\"og:description\" content=\"CMC FESTIVAL VODICE 2017. (deveto izdanje) Deveti CMC festival powered by Calzedonia odr\u017ean 9. i 10. lipnja u Vodicama, najve\u0107i je dosada\u0161nji festival po broju gledatelja i medija iz \u010ditave regije koji nisu \u017eeljeli propustiti atraktivne nastupe \u010dak 33 najpopularnijih izvo\u0111a\u010da i grupa iz Hrvatske,...\" \/>\n<meta property=\"og:url\" content=\"https:\/\/cmcfestival.com.hr\/?page_id=8242\" \/>\n<meta property=\"og:site_name\" content=\"CMC festival Vodice\" \/>\n<meta property=\"og:image\" content=\"https:\/\/cmcfestival.com.hr\/v2\/wp-content\/uploads\/2020\/04\/cmc2017_small-212x300.jpg\" \/>\n<meta name=\"twitter:card\" content=\"summary_large_image\" \/>\n<meta name=\"twitter:label1\" content=\"Procijenjeno vrijeme \u010ditanja\" \/>\n\t<meta name=\"twitter:data1\" content=\"5 minuta\" \/>\n<script type=\"application\/ld+json\" class=\"yoast-schema-graph\">{\"@context\":\"https:\/\/schema.org\",\"@graph\":[{\"@type\":\"WebPage\",\"@id\":\"https:\/\/cmcfestival.com.hr\/?page_id=8242\",\"url\":\"https:\/\/cmcfestival.com.hr\/?page_id=8242\",\"name\":\"CMC festival 2017. - CMC festival Vodice\",\"isPartOf\":{\"@id\":\"https:\/\/cmcfestival.com.hr\/#website\"},\"primaryImageOfPage\":{\"@id\":\"https:\/\/cmcfestival.com.hr\/?page_id=8242#primaryimage\"},\"image\":{\"@id\":\"https:\/\/cmcfestival.com.hr\/?page_id=8242#primaryimage\"},\"thumbnailUrl\":\"https:\/\/cmcfestival.com.hr\/v2\/wp-content\/uploads\/2020\/04\/cmc2017_small-212x300.jpg\",\"datePublished\":\"2020-04-07T06:50:01+00:00\",\"dateModified\":\"2020-04-07T06:50:01+00:00\",\"breadcrumb\":{\"@id\":\"https:\/\/cmcfestival.com.hr\/?page_id=8242#breadcrumb\"},\"inLanguage\":\"hr\",\"potentialAction\":[{\"@type\":\"ReadAction\",\"target\":[\"https:\/\/cmcfestival.com.hr\/?page_id=8242\"]}]},{\"@type\":\"ImageObject\",\"inLanguage\":\"hr\",\"@id\":\"https:\/\/cmcfestival.com.hr\/?page_id=8242#primaryimage\",\"url\":\"https:\/\/cmcfestival.com.hr\/wp-content\/uploads\/2020\/04\/cmc2017_small.jpg\",\"contentUrl\":\"https:\/\/cmcfestival.com.hr\/wp-content\/uploads\/2020\/04\/cmc2017_small.jpg\",\"width\":300,\"height\":425},{\"@type\":\"BreadcrumbList\",\"@id\":\"https:\/\/cmcfestival.com.hr\/?page_id=8242#breadcrumb\",\"itemListElement\":[{\"@type\":\"ListItem\",\"position\":1,\"name\":\"Po\u010detna stranica\",\"item\":\"https:\/\/cmcfestival.com.hr\/\"},{\"@type\":\"ListItem\",\"position\":2,\"name\":\"CMC festival 2017.\"}]},{\"@type\":\"WebSite\",\"@id\":\"https:\/\/cmcfestival.com.hr\/#website\",\"url\":\"https:\/\/cmcfestival.com.hr\/\",\"name\":\"CMC festival Vodice\",\"description\":\"2026\",\"potentialAction\":[{\"@type\":\"SearchAction\",\"target\":{\"@type\":\"EntryPoint\",\"urlTemplate\":\"https:\/\/cmcfestival.com.hr\/?s={search_term_string}\"},\"query-input\":{\"@type\":\"PropertyValueSpecification\",\"valueRequired\":true,\"valueName\":\"search_term_string\"}}],\"inLanguage\":\"hr\"}]}<\/script>\n<!-- \/ Yoast SEO plugin. -->","yoast_head_json":{"title":"CMC festival 2017. - CMC festival Vodice","robots":{"index":"index","follow":"follow","max-snippet":"max-snippet:-1","max-image-preview":"max-image-preview:large","max-video-preview":"max-video-preview:-1"},"canonical":"https:\/\/cmcfestival.com.hr\/?page_id=8242","og_locale":"hr_HR","og_type":"article","og_title":"CMC festival 2017. - CMC festival Vodice","og_description":"CMC FESTIVAL VODICE 2017. (deveto izdanje) Deveti CMC festival powered by Calzedonia odr\u017ean 9. i 10. lipnja u Vodicama, najve\u0107i je dosada\u0161nji festival po broju gledatelja i medija iz \u010ditave regije koji nisu \u017eeljeli propustiti atraktivne nastupe \u010dak 33 najpopularnijih izvo\u0111a\u010da i grupa iz Hrvatske,...","og_url":"https:\/\/cmcfestival.com.hr\/?page_id=8242","og_site_name":"CMC festival Vodice","og_image":[{"url":"https:\/\/cmcfestival.com.hr\/v2\/wp-content\/uploads\/2020\/04\/cmc2017_small-212x300.jpg","type":"","width":"","height":""}],"twitter_card":"summary_large_image","twitter_misc":{"Procijenjeno vrijeme \u010ditanja":"5 minuta"},"schema":{"@context":"https:\/\/schema.org","@graph":[{"@type":"WebPage","@id":"https:\/\/cmcfestival.com.hr\/?page_id=8242","url":"https:\/\/cmcfestival.com.hr\/?page_id=8242","name":"CMC festival 2017. - CMC festival Vodice","isPartOf":{"@id":"https:\/\/cmcfestival.com.hr\/#website"},"primaryImageOfPage":{"@id":"https:\/\/cmcfestival.com.hr\/?page_id=8242#primaryimage"},"image":{"@id":"https:\/\/cmcfestival.com.hr\/?page_id=8242#primaryimage"},"thumbnailUrl":"https:\/\/cmcfestival.com.hr\/v2\/wp-content\/uploads\/2020\/04\/cmc2017_small-212x300.jpg","datePublished":"2020-04-07T06:50:01+00:00","dateModified":"2020-04-07T06:50:01+00:00","breadcrumb":{"@id":"https:\/\/cmcfestival.com.hr\/?page_id=8242#breadcrumb"},"inLanguage":"hr","potentialAction":[{"@type":"ReadAction","target":["https:\/\/cmcfestival.com.hr\/?page_id=8242"]}]},{"@type":"ImageObject","inLanguage":"hr","@id":"https:\/\/cmcfestival.com.hr\/?page_id=8242#primaryimage","url":"https:\/\/cmcfestival.com.hr\/wp-content\/uploads\/2020\/04\/cmc2017_small.jpg","contentUrl":"https:\/\/cmcfestival.com.hr\/wp-content\/uploads\/2020\/04\/cmc2017_small.jpg","width":300,"height":425},{"@type":"BreadcrumbList","@id":"https:\/\/cmcfestival.com.hr\/?page_id=8242#breadcrumb","itemListElement":[{"@type":"ListItem","position":1,"name":"Po\u010detna stranica","item":"https:\/\/cmcfestival.com.hr\/"},{"@type":"ListItem","position":2,"name":"CMC festival 2017."}]},{"@type":"WebSite","@id":"https:\/\/cmcfestival.com.hr\/#website","url":"https:\/\/cmcfestival.com.hr\/","name":"CMC festival Vodice","description":"2026","potentialAction":[{"@type":"SearchAction","target":{"@type":"EntryPoint","urlTemplate":"https:\/\/cmcfestival.com.hr\/?s={search_term_string}"},"query-input":{"@type":"PropertyValueSpecification","valueRequired":true,"valueName":"search_term_string"}}],"inLanguage":"hr"}]}},"jetpack_sharing_enabled":true,"_links":{"self":[{"href":"https:\/\/cmcfestival.com.hr\/index.php?rest_route=\/wp\/v2\/pages\/8242","targetHints":{"allow":["GET"]}}],"collection":[{"href":"https:\/\/cmcfestival.com.hr\/index.php?rest_route=\/wp\/v2\/pages"}],"about":[{"href":"https:\/\/cmcfestival.com.hr\/index.php?rest_route=\/wp\/v2\/types\/page"}],"author":[{"embeddable":true,"href":"https:\/\/cmcfestival.com.hr\/index.php?rest_route=\/wp\/v2\/users\/1"}],"replies":[{"embeddable":true,"href":"https:\/\/cmcfestival.com.hr\/index.php?rest_route=%2Fwp%2Fv2%2Fcomments&post=8242"}],"version-history":[{"count":2,"href":"https:\/\/cmcfestival.com.hr\/index.php?rest_route=\/wp\/v2\/pages\/8242\/revisions"}],"predecessor-version":[{"id":8245,"href":"https:\/\/cmcfestival.com.hr\/index.php?rest_route=\/wp\/v2\/pages\/8242\/revisions\/8245"}],"wp:attachment":[{"href":"https:\/\/cmcfestival.com.hr\/index.php?rest_route=%2Fwp%2Fv2%2Fmedia&parent=8242"}],"curies":[{"name":"wp","href":"https:\/\/api.w.org\/{rel}","templated":true}]}}