{"id":8890,"date":"2021-05-02T08:20:10","date_gmt":"2021-05-02T07:20:10","guid":{"rendered":"https:\/\/cmcfestival.com.hr\/v2\/?page_id=8890"},"modified":"2021-05-02T08:20:10","modified_gmt":"2021-05-02T07:20:10","slug":"cmc-festival-2019","status":"publish","type":"page","link":"https:\/\/cmcfestival.com.hr\/?page_id=8890","title":{"rendered":"CMC festival 2019."},"content":{"rendered":"<p><span style=\"color: #ffffff;\">.<\/span><\/p>\n<p><strong><img loading=\"lazy\" decoding=\"async\" class=\" wp-image-8146 alignleft\" src=\"https:\/\/cmcfestival.com.hr\/v2\/wp-content\/uploads\/2020\/04\/1010608_cmc2019-1-300x300.jpg\" alt=\"\" width=\"422\" height=\"422\" srcset=\"https:\/\/cmcfestival.com.hr\/wp-content\/uploads\/2020\/04\/1010608_cmc2019-1-300x300.jpg 300w, https:\/\/cmcfestival.com.hr\/wp-content\/uploads\/2020\/04\/1010608_cmc2019-1-150x150.jpg 150w, https:\/\/cmcfestival.com.hr\/wp-content\/uploads\/2020\/04\/1010608_cmc2019-1-550x550.jpg 550w\" sizes=\"auto, (max-width: 422px) 100vw, 422px\" \/>11. izdanje CMC festivala Vodice 2019 powered by Calzedonia<\/strong>\u00a0je zavr\u0161eno, a svi \u0107e se slo\u017eiti kako je\u00a0bilo najspektakularnije i najve\u0107e do sada. S\u00a0<strong>40 festivalskih pjesama<\/strong>\u00a0i\u00a0<strong>vi\u0161e od 50 izvo\u0111a\u010da\u00a0<\/strong>u pitanju je\u00a0<strong>najve\u0107i festival doma\u0107e glazbe u regiji\u00a0<\/strong>koji je i ove godine okupio\u00a0<strong>veliki broj posjetitelja\u00a0<\/strong>koji su odlu\u010dili jedan\u00a0<strong>dio ljeta provesti upravo u Vodicama. Suradnja CMC televizije i grada Vodica\u00a0<\/strong>traje ve\u0107 niz godina. Dobre stvari ne treba mijenjati \u0161to se pokazalo i s\u00a0<strong>11. CMC festivalom<\/strong>\u00a0koji je otvoren u\u00a0<strong>petak 7. lipnja\u00a0velikim koncertom najve\u0107e regionalne pop zvijezde Severine<\/strong>. Skoro dvosatni nastup obilje\u017een je\u00a0<strong>brojnim hitovima<\/strong>, od samih po\u010detaka karijere sve do danas i\u00a0<strong>novog albuma &#8220;Halo&#8221;<\/strong>\u00a0kojeg je nedavno objavila za Dallas Records. Ve\u0107 je ovaj koncert bio pokazatelj kako slijede\u00a0<strong>dva fenomenalna dana u Vodicama<\/strong>\u00a0koja \u0107e mnogi pamtiti. Severina je dobila i priznanje CMC televizije za najbolju izvo\u0111a\u010dicu 2018. godine. Nakon nje\u00a0koncert je odr\u017eala i\u00a0<strong>jedna od najdugovje\u010dnijih hrvatskih grupa, Magazin<\/strong>. Andrea \u0160u\u0161njara i bend zabavljali su publiku najve\u0107im hitovima dugogodi\u0161nje karijere Magazina, a potom je na velikoj pozornici\u00a0<strong>po prvi put<\/strong>\u00a0nastupio jedan DJ i to mladi\u00a0<strong>Lorenzo<\/strong>.\u00a0U isto vrijeme\u00a0na\u00a0<strong>Makina stageu<\/strong>\u00a0odvijao se koncertni program u sklopu kojeg su nastupili<strong>\u00a0klapa More, Tara, Ljubavnici i Begini<\/strong>.\u00a0<strong>No\u0107ni klub Makina<\/strong>\u00a0bio je doma\u0107in i prvog\u00a0<strong>after partyja\u00a0<\/strong>ovogodi\u0161njeg<strong>\u00a0CMC festivala<\/strong>.<\/p>\n<p><img loading=\"lazy\" decoding=\"async\" class=\"alignnone  wp-image-8892\" src=\"https:\/\/cmcfestival.com.hr\/v2\/wp-content\/uploads\/2021\/05\/unnamed-6-300x200.jpg\" alt=\"\" width=\"789\" height=\"526\" srcset=\"https:\/\/cmcfestival.com.hr\/wp-content\/uploads\/2021\/05\/unnamed-6-300x200.jpg 300w, https:\/\/cmcfestival.com.hr\/wp-content\/uploads\/2021\/05\/unnamed-6-1024x682.jpg 1024w, https:\/\/cmcfestival.com.hr\/wp-content\/uploads\/2021\/05\/unnamed-6-768x511.jpg 768w, https:\/\/cmcfestival.com.hr\/wp-content\/uploads\/2021\/05\/unnamed-6.jpg 1280w\" sizes=\"auto, (max-width: 789px) 100vw, 789px\" \/><\/p>\n<p><em>Foto: Andrej Smoli\u0107 (Live studio)<\/em><\/p>\n<p><strong>U subotu 8. lipnja<\/strong>\u00a0na velikoj festivalskoj pozornici nastupilo je<strong>\u00a0vi\u0161e od 40 izvo\u0111a\u010da uz izravni prijenos CMC televizije, Hayat TV-a i Radio-televizije Crne Gore<\/strong>, a to su:\u00a0<strong>\u017deljko Bebek, Dra\u017een Ze\u010di\u0107, Mladen Grdovi\u0107, Mia Dim\u0161i\u0107, Colonia, Op\u0107a Opasnost, The Frajle, Neda Ukraden, Jasmin Stavros, Lille, Magazin, Zlatko Pejakovi\u0107, Igor Dela\u010d feat. ZETZ, Tara &amp; Ivan Zak, Tri mu\u0161ketira, Meja\u0161i, Nina Donelli &amp; Tarapana Band, Tragovi, Ivana Kova\u010d, Ljubavnici &amp; Begini, Domenica, klapa \u0160ufit, Alen Islamovi\u0107 &amp; Enela, Dean Dvornik, Regina, Meri Andrakovi\u0107, Iva \u0106uri\u0107, Maraaya, klapa Puntamika, Cecilija, David Temelkov, Nikolina Tomljanovi\u0107, Berny &amp; Taz Soldo ft. Suvy, Ausswinkl muzikanti, Vjekoslava Bach &amp; Mario Rucner, Koktelsi, Mile Perkov, Dorotea Dumen\u010di\u0107, BQL feat. Nika Zorjan &amp; Isaac Palma i Alya<\/strong>. Pop zvijezda\u00a0<strong>Mia Dim\u0161i\u0107\u00a0<\/strong>tom prigodom dobila je i priznanje za\u00a0<strong>najve\u0107i hit CMC festivala 2018. godine<\/strong>\u00a0za pjesmu\u00a0<strong>&#8220;Do posljednjeg retka&#8221;, najemitiraniji singl pro\u0161logodi\u0161njeg festivala.<\/strong><br \/>\nNakon slu\u017ebenog dijela posjetitelje je zabavljao jedan od najlegendarnijih vokala na\u0161ih prostora<strong>\u00a0Alen Islamovi\u0107<\/strong>. Izvodio je hitove bendova u kojima je pjevao i koji su obilje\u017eili njegovu karijeru,\u00a0<strong>Bijelo dugme i Divlje jagode<\/strong>, a nisu izostale niti uspje\u0161nice solo karijere, kao i\u00a0<strong>aktualni hit &#8220;Nije mi dobro&#8221;<\/strong>. Na Makina stageu u me\u0111uvremenu nastupili su\u00a0<strong>Koktelsi i Bracera Bend<\/strong>, a potom je uslijedio jo\u0161 jedan odli\u010dan after party festivala koji je organiziran u Lime Baru.<\/p>\n<p><em><img loading=\"lazy\" decoding=\"async\" class=\"alignnone  wp-image-8895\" src=\"https:\/\/cmcfestival.com.hr\/v2\/wp-content\/uploads\/2021\/05\/unnamed-2-300x200.jpg\" alt=\"\" width=\"789\" height=\"526\" srcset=\"https:\/\/cmcfestival.com.hr\/wp-content\/uploads\/2021\/05\/unnamed-2-300x200.jpg 300w, https:\/\/cmcfestival.com.hr\/wp-content\/uploads\/2021\/05\/unnamed-2-1024x683.jpg 1024w, https:\/\/cmcfestival.com.hr\/wp-content\/uploads\/2021\/05\/unnamed-2-768x512.jpg 768w, https:\/\/cmcfestival.com.hr\/wp-content\/uploads\/2021\/05\/unnamed-2.jpg 1500w\" sizes=\"auto, (max-width: 789px) 100vw, 789px\" \/><\/em><\/p>\n<p><em>Foto: Andrej Smoli\u0107 (Live studio)<\/em><\/p>\n<p>Osim glazbenog i koncertnog dijela programa, CMC festival je i ove godine organizirao nekoliko\u00a0<strong>slu\u017ebenih konferencija i predstavljanja raznih diskografskih izdanja i ostalih noviteta iz diskografije<\/strong>. Prvog dana s vodi\u010dke rive isplovio je brod na kojem su predstavljena nova izdanja Croatia Recordsa,\u00a0<strong>dvostruka kompilacija &#8220;CMC festival Vodice 2019&#8221;<\/strong>\u00a0i\u00a0<strong>novi album<\/strong>\u00a0najpopularnijih hrvatskih rockera,\u00a0<strong>Op\u0107e Opasnosti<\/strong>,<strong>\u00a0&#8220;Karta do pro\u0161losti&#8221;<\/strong>. Uz\u00a0<strong>obilazak \u0161ibenskog akvatorija<\/strong>\u00a0brojni gosti festivala u\u017eivali su u tradicionalnim delicijama i vinima.<\/p>\n<p><img loading=\"lazy\" decoding=\"async\" class=\"alignnone  wp-image-8893\" src=\"https:\/\/cmcfestival.com.hr\/v2\/wp-content\/uploads\/2021\/05\/unnamed-5-300x200.jpg\" alt=\"\" width=\"789\" height=\"526\" srcset=\"https:\/\/cmcfestival.com.hr\/wp-content\/uploads\/2021\/05\/unnamed-5-300x200.jpg 300w, https:\/\/cmcfestival.com.hr\/wp-content\/uploads\/2021\/05\/unnamed-5-1024x683.jpg 1024w, https:\/\/cmcfestival.com.hr\/wp-content\/uploads\/2021\/05\/unnamed-5-768x512.jpg 768w, https:\/\/cmcfestival.com.hr\/wp-content\/uploads\/2021\/05\/unnamed-5.jpg 1200w\" sizes=\"auto, (max-width: 789px) 100vw, 789px\" \/><\/p>\n<p><em>Foto: Andrej Smoli\u0107 (Live studio)<\/em><\/p>\n<p>U poslijepodnevnim satima\u00a0<strong>Hrvatska diskografska udruga<\/strong>\u00a0u hotelu Olympia Sky odr\u017eala je\u00a0<strong>panel raspravu na temu &#8220;Doma\u0107a glazba &#8211; ju\u010der, danas, sutra&#8221;<\/strong>\u00a0na kojoj su govorili predstavnici HDU-a, medija iz Hrvatske, Bosne i Hercegovine i Srbije, a predstavljena je i\u00a0<strong>nova digitalna\u00a0stream aplikacija\u00a0Zorro Tunes<\/strong>.\u00a0Drugog dana, tako\u0111er u hotelu Olympia Sky, odr\u017eana je\u00a0<strong>festivalska konferencija<\/strong>\u00a0na kojoj su predstavljeni svi izvo\u0111a\u010di ovogodi\u0161njeg CMC festivala, ali i nova diskografska izdanja, odnosno<strong>\u00a0novi albumi The Frajli (&#8220;Obraduj me&#8221;) i Alena Islamovi\u0107a (&#8220;Tajno&#8221;)<\/strong>. Tom prigodom izdava\u010dka ku\u0107a\u00a0<strong>Croatia Records potpisala je tri ekskluzivna izvo\u0111a\u010dka ugovora<\/strong>, s\u00a0<strong>Dra\u017eenom Ze\u010di\u0107em, Alenom Islamovi\u0107em<\/strong>\u00a0i mladom glazbenom nadom<strong>\u00a0Meri Andrakovi\u0107<\/strong>. Pri zavr\u0161etku konferencije\u00a0<strong>The Frajle su odr\u017eale i mini koncert<\/strong>\u00a0i tako savr\u0161eno pripremile teren za ono \u0161to je uslijedilo &#8211;\u00a0<strong>glavna doga\u0111anja CMC festivala powered by Calzedonia<\/strong>.<\/p>\n<p><strong><img loading=\"lazy\" decoding=\"async\" class=\"alignnone  wp-image-8894\" src=\"https:\/\/cmcfestival.com.hr\/v2\/wp-content\/uploads\/2021\/05\/unnamed-4-300x200.jpg\" alt=\"\" width=\"789\" height=\"526\" srcset=\"https:\/\/cmcfestival.com.hr\/wp-content\/uploads\/2021\/05\/unnamed-4-300x200.jpg 300w, https:\/\/cmcfestival.com.hr\/wp-content\/uploads\/2021\/05\/unnamed-4-1024x683.jpg 1024w, https:\/\/cmcfestival.com.hr\/wp-content\/uploads\/2021\/05\/unnamed-4-768x512.jpg 768w, https:\/\/cmcfestival.com.hr\/wp-content\/uploads\/2021\/05\/unnamed-4.jpg 1200w\" sizes=\"auto, (max-width: 789px) 100vw, 789px\" \/><\/strong><\/p>\n<p><em>Foto: Andrej Smoli\u0107 (Live studio)<\/em><\/p>\n<p><strong>Dva dana vrhunske zabave<\/strong>, nikad bogatiji i nikad bolji CMC festival u svojoj 11. godini postajanja jo\u0161 su jednom potvrdili\u00a0\u010dinjenicu da je u pitanju\u00a0<strong>najve\u0107i festival popularne glazbe u regiji. Smje\u0161tajni kapaciteti u Vodicama bili su dupkom puni, a deseci tisu\u0107a\u00a0posjetitelja\u00a0<\/strong>do\u0161li\u00a0su\u00a0podr\u017eati brojne izvo\u0111a\u010de i njihove nove pjesme.<\/p>\n<p>Podsje\u0107amo,\u00a0<strong>CMC festival u Vodicama<\/strong>\u00a0<strong>organizirali su CMC televizija u suradnji s Gradom Vodicama i Turisti\u010dkom zajednicom grada<\/strong>. Zahvaljujemo svim\u00a0<strong>posjetiteljima, izvo\u0111a\u010dima, sponzorima i brojnim medijskim pokroviteljima<\/strong>\u00a0\u010dija brojka je ove godine\u00a0<strong>narasla na 100<\/strong>. Vidimo se i sljede\u0107eg ljeta u\u00a0<strong>najljep\u0161em gradu na obali<\/strong>.<\/p>\n<p><strong>Sve fotografije festivala\u00a0<\/strong>mo\u017eete pogledati na\u00a0<a href=\"https:\/\/www.facebook.com\/CMCmusicfestival\/\" target=\"_blank\" rel=\"noopener\" data-saferedirecturl=\"https:\/\/www.google.com\/url?q=https:\/\/www.facebook.com\/CMCmusicfestival\/&amp;source=gmail&amp;ust=1620025217039000&amp;usg=AFQjCNE5v4ovX5cawB-0b3n4-HV_GdbEfw\"><strong>Facebook stranici CMC festivala<\/strong><\/a>\u00a0uz napomenu da prilikom kori\u0161tenja potpi\u0161ete autore.<\/p>\n","protected":false},"excerpt":{"rendered":"<p>. 11. izdanje CMC festivala Vodice 2019 powered by Calzedonia\u00a0je zavr\u0161eno, a svi \u0107e se slo\u017eiti kako je\u00a0bilo najspektakularnije i najve\u0107e do sada. S\u00a040 festivalskih pjesama\u00a0i\u00a0vi\u0161e od 50 izvo\u0111a\u010da\u00a0u pitanju je\u00a0najve\u0107i festival doma\u0107e glazbe u regiji\u00a0koji je i ove godine okupio\u00a0veliki broj posjetitelja\u00a0koji su odlu\u010dili&#8230;<\/p>\n","protected":false},"author":1,"featured_media":0,"parent":0,"menu_order":0,"comment_status":"closed","ping_status":"closed","template":"","meta":{"footnotes":""},"class_list":["post-8890","page","type-page","status-publish","hentry"],"yoast_head":"<!-- This site is optimized with the Yoast SEO plugin v24.2 - https:\/\/yoast.com\/wordpress\/plugins\/seo\/ -->\n<title>CMC festival 2019. - CMC festival Vodice<\/title>\n<meta name=\"robots\" content=\"index, follow, max-snippet:-1, max-image-preview:large, max-video-preview:-1\" \/>\n<link rel=\"canonical\" href=\"https:\/\/cmcfestival.com.hr\/?page_id=8890\" \/>\n<meta property=\"og:locale\" content=\"hr_HR\" \/>\n<meta property=\"og:type\" content=\"article\" \/>\n<meta property=\"og:title\" content=\"CMC festival 2019. - CMC festival Vodice\" \/>\n<meta property=\"og:description\" content=\". 11. izdanje CMC festivala Vodice 2019 powered by Calzedonia\u00a0je zavr\u0161eno, a svi \u0107e se slo\u017eiti kako je\u00a0bilo najspektakularnije i najve\u0107e do sada. S\u00a040 festivalskih pjesama\u00a0i\u00a0vi\u0161e od 50 izvo\u0111a\u010da\u00a0u pitanju je\u00a0najve\u0107i festival doma\u0107e glazbe u regiji\u00a0koji je i ove godine okupio\u00a0veliki broj posjetitelja\u00a0koji su odlu\u010dili...\" \/>\n<meta property=\"og:url\" content=\"https:\/\/cmcfestival.com.hr\/?page_id=8890\" \/>\n<meta property=\"og:site_name\" content=\"CMC festival Vodice\" \/>\n<meta property=\"og:image\" content=\"https:\/\/cmcfestival.com.hr\/v2\/wp-content\/uploads\/2020\/04\/1010608_cmc2019-1-300x300.jpg\" \/>\n<meta name=\"twitter:card\" content=\"summary_large_image\" \/>\n<meta name=\"twitter:label1\" content=\"Procijenjeno vrijeme \u010ditanja\" \/>\n\t<meta name=\"twitter:data1\" content=\"5 minuta\" \/>\n<script type=\"application\/ld+json\" class=\"yoast-schema-graph\">{\"@context\":\"https:\/\/schema.org\",\"@graph\":[{\"@type\":\"WebPage\",\"@id\":\"https:\/\/cmcfestival.com.hr\/?page_id=8890\",\"url\":\"https:\/\/cmcfestival.com.hr\/?page_id=8890\",\"name\":\"CMC festival 2019. - CMC festival Vodice\",\"isPartOf\":{\"@id\":\"https:\/\/cmcfestival.com.hr\/#website\"},\"primaryImageOfPage\":{\"@id\":\"https:\/\/cmcfestival.com.hr\/?page_id=8890#primaryimage\"},\"image\":{\"@id\":\"https:\/\/cmcfestival.com.hr\/?page_id=8890#primaryimage\"},\"thumbnailUrl\":\"https:\/\/cmcfestival.com.hr\/v2\/wp-content\/uploads\/2020\/04\/1010608_cmc2019-1-300x300.jpg\",\"datePublished\":\"2021-05-02T07:20:10+00:00\",\"dateModified\":\"2021-05-02T07:20:10+00:00\",\"breadcrumb\":{\"@id\":\"https:\/\/cmcfestival.com.hr\/?page_id=8890#breadcrumb\"},\"inLanguage\":\"hr\",\"potentialAction\":[{\"@type\":\"ReadAction\",\"target\":[\"https:\/\/cmcfestival.com.hr\/?page_id=8890\"]}]},{\"@type\":\"ImageObject\",\"inLanguage\":\"hr\",\"@id\":\"https:\/\/cmcfestival.com.hr\/?page_id=8890#primaryimage\",\"url\":\"https:\/\/cmcfestival.com.hr\/wp-content\/uploads\/2020\/04\/1010608_cmc2019-1.jpg\",\"contentUrl\":\"https:\/\/cmcfestival.com.hr\/wp-content\/uploads\/2020\/04\/1010608_cmc2019-1.jpg\",\"width\":800,\"height\":804},{\"@type\":\"BreadcrumbList\",\"@id\":\"https:\/\/cmcfestival.com.hr\/?page_id=8890#breadcrumb\",\"itemListElement\":[{\"@type\":\"ListItem\",\"position\":1,\"name\":\"Po\u010detna stranica\",\"item\":\"https:\/\/cmcfestival.com.hr\/\"},{\"@type\":\"ListItem\",\"position\":2,\"name\":\"CMC festival 2019.\"}]},{\"@type\":\"WebSite\",\"@id\":\"https:\/\/cmcfestival.com.hr\/#website\",\"url\":\"https:\/\/cmcfestival.com.hr\/\",\"name\":\"CMC festival Vodice\",\"description\":\"2026\",\"potentialAction\":[{\"@type\":\"SearchAction\",\"target\":{\"@type\":\"EntryPoint\",\"urlTemplate\":\"https:\/\/cmcfestival.com.hr\/?s={search_term_string}\"},\"query-input\":{\"@type\":\"PropertyValueSpecification\",\"valueRequired\":true,\"valueName\":\"search_term_string\"}}],\"inLanguage\":\"hr\"}]}<\/script>\n<!-- \/ Yoast SEO plugin. -->","yoast_head_json":{"title":"CMC festival 2019. - CMC festival Vodice","robots":{"index":"index","follow":"follow","max-snippet":"max-snippet:-1","max-image-preview":"max-image-preview:large","max-video-preview":"max-video-preview:-1"},"canonical":"https:\/\/cmcfestival.com.hr\/?page_id=8890","og_locale":"hr_HR","og_type":"article","og_title":"CMC festival 2019. - CMC festival Vodice","og_description":". 11. izdanje CMC festivala Vodice 2019 powered by Calzedonia\u00a0je zavr\u0161eno, a svi \u0107e se slo\u017eiti kako je\u00a0bilo najspektakularnije i najve\u0107e do sada. S\u00a040 festivalskih pjesama\u00a0i\u00a0vi\u0161e od 50 izvo\u0111a\u010da\u00a0u pitanju je\u00a0najve\u0107i festival doma\u0107e glazbe u regiji\u00a0koji je i ove godine okupio\u00a0veliki broj posjetitelja\u00a0koji su odlu\u010dili...","og_url":"https:\/\/cmcfestival.com.hr\/?page_id=8890","og_site_name":"CMC festival Vodice","og_image":[{"url":"https:\/\/cmcfestival.com.hr\/v2\/wp-content\/uploads\/2020\/04\/1010608_cmc2019-1-300x300.jpg","type":"","width":"","height":""}],"twitter_card":"summary_large_image","twitter_misc":{"Procijenjeno vrijeme \u010ditanja":"5 minuta"},"schema":{"@context":"https:\/\/schema.org","@graph":[{"@type":"WebPage","@id":"https:\/\/cmcfestival.com.hr\/?page_id=8890","url":"https:\/\/cmcfestival.com.hr\/?page_id=8890","name":"CMC festival 2019. - CMC festival Vodice","isPartOf":{"@id":"https:\/\/cmcfestival.com.hr\/#website"},"primaryImageOfPage":{"@id":"https:\/\/cmcfestival.com.hr\/?page_id=8890#primaryimage"},"image":{"@id":"https:\/\/cmcfestival.com.hr\/?page_id=8890#primaryimage"},"thumbnailUrl":"https:\/\/cmcfestival.com.hr\/v2\/wp-content\/uploads\/2020\/04\/1010608_cmc2019-1-300x300.jpg","datePublished":"2021-05-02T07:20:10+00:00","dateModified":"2021-05-02T07:20:10+00:00","breadcrumb":{"@id":"https:\/\/cmcfestival.com.hr\/?page_id=8890#breadcrumb"},"inLanguage":"hr","potentialAction":[{"@type":"ReadAction","target":["https:\/\/cmcfestival.com.hr\/?page_id=8890"]}]},{"@type":"ImageObject","inLanguage":"hr","@id":"https:\/\/cmcfestival.com.hr\/?page_id=8890#primaryimage","url":"https:\/\/cmcfestival.com.hr\/wp-content\/uploads\/2020\/04\/1010608_cmc2019-1.jpg","contentUrl":"https:\/\/cmcfestival.com.hr\/wp-content\/uploads\/2020\/04\/1010608_cmc2019-1.jpg","width":800,"height":804},{"@type":"BreadcrumbList","@id":"https:\/\/cmcfestival.com.hr\/?page_id=8890#breadcrumb","itemListElement":[{"@type":"ListItem","position":1,"name":"Po\u010detna stranica","item":"https:\/\/cmcfestival.com.hr\/"},{"@type":"ListItem","position":2,"name":"CMC festival 2019."}]},{"@type":"WebSite","@id":"https:\/\/cmcfestival.com.hr\/#website","url":"https:\/\/cmcfestival.com.hr\/","name":"CMC festival Vodice","description":"2026","potentialAction":[{"@type":"SearchAction","target":{"@type":"EntryPoint","urlTemplate":"https:\/\/cmcfestival.com.hr\/?s={search_term_string}"},"query-input":{"@type":"PropertyValueSpecification","valueRequired":true,"valueName":"search_term_string"}}],"inLanguage":"hr"}]}},"jetpack_sharing_enabled":true,"_links":{"self":[{"href":"https:\/\/cmcfestival.com.hr\/index.php?rest_route=\/wp\/v2\/pages\/8890","targetHints":{"allow":["GET"]}}],"collection":[{"href":"https:\/\/cmcfestival.com.hr\/index.php?rest_route=\/wp\/v2\/pages"}],"about":[{"href":"https:\/\/cmcfestival.com.hr\/index.php?rest_route=\/wp\/v2\/types\/page"}],"author":[{"embeddable":true,"href":"https:\/\/cmcfestival.com.hr\/index.php?rest_route=\/wp\/v2\/users\/1"}],"replies":[{"embeddable":true,"href":"https:\/\/cmcfestival.com.hr\/index.php?rest_route=%2Fwp%2Fv2%2Fcomments&post=8890"}],"version-history":[{"count":5,"href":"https:\/\/cmcfestival.com.hr\/index.php?rest_route=\/wp\/v2\/pages\/8890\/revisions"}],"predecessor-version":[{"id":8900,"href":"https:\/\/cmcfestival.com.hr\/index.php?rest_route=\/wp\/v2\/pages\/8890\/revisions\/8900"}],"wp:attachment":[{"href":"https:\/\/cmcfestival.com.hr\/index.php?rest_route=%2Fwp%2Fv2%2Fmedia&parent=8890"}],"curies":[{"name":"wp","href":"https:\/\/api.w.org\/{rel}","templated":true}]}}